{"id":2920,"date":"2020-11-22T22:17:38","date_gmt":"2020-11-22T21:17:38","guid":{"rendered":"http:\/\/relleutelecom.com\/macarova\/?page_id=2920"},"modified":"2025-11-16T20:45:12","modified_gmt":"2025-11-16T19:45:12","slug":"fibra-hfc","status":"publish","type":"page","link":"https:\/\/relleutelecom.com\/macarova\/fibra-hfc\/","title":{"rendered":"Fibra \/ fibraWI"},"content":{"rendered":"<p>[vc_row][vc_column width=\u00bb1\/6&#8243; offset=\u00bbvc_hidden-sm vc_hidden-xs\u00bb][\/vc_column][vc_column offset=\u00bbvc_col-lg-8 vc_col-md-8 vc_col-xs-12&#8243;][vc_column_text]<\/p>\n<p style=\"text-align: center;\"><span style=\"color: #1d1d1d;\"><b>Fibra<\/b><\/span> para <strong>todas las necesidades <\/strong>con la m\u00e1xima<strong> calidad,<br \/>\n<\/strong>disfruta de Relleu Telecom en casi cualquier punto del pa\u00eds.<\/p>\n<p style=\"text-align: center;\">Los <strong>nombres<\/strong> de nuestras tarifas de fibra <strong>estan inspirados<\/strong><br \/>\nen <strong>aceitunas<\/strong>\u00a0producidas en <strong>Relleu.<\/strong><\/p>\n<p>[\/vc_column_text][vc_empty_space height=\u00bb2.85em\u00bb alter_height=\u00bbnone\u00bb hide_on_desktop=\u00bb\u00bb hide_on_notebook=\u00bb\u00bb hide_on_tablet=\u00bb\u00bb hide_on_mobile=\u00bb\u00bb][vc_empty_space height=\u00bb2.85em\u00bb alter_height=\u00bbnone\u00bb hide_on_desktop=\u00bb\u00bb hide_on_notebook=\u00bb\u00bb hide_on_tablet=\u00bb1&#8243; hide_on_mobile=\u00bb1&#8243;][\/vc_column][vc_column width=\u00bb1\/6&#8243; offset=\u00bbvc_hidden-sm vc_hidden-xs\u00bb][\/vc_column][\/vc_row][vc_row][vc_column][vc_empty_space height=\u00bb2.5em\u00bb alter_height=\u00bbnone\u00bb hide_on_desktop=\u00bb\u00bb hide_on_notebook=\u00bb\u00bb hide_on_tablet=\u00bb\u00bb hide_on_mobile=\u00bb\u00bb][vc_tta_tabs spacing=\u00bb2&#8243; gap=\u00bb3&#8243; alignment=\u00bbcenter\u00bb active_section=\u00bb1&#8243;][vc_tta_section title=\u00bbSolo Fibra\u00bb tab_id=\u00bb1609345479745-7f4870fe-d65a\u00bb][vc_empty_space height=\u00bb2.5em\u00bb alter_height=\u00bbnone\u00bb hide_on_desktop=\u00bb\u00bb hide_on_notebook=\u00bb\u00bb hide_on_tablet=\u00bb\u00bb hide_on_mobile=\u00bb\u00bb]<div  id=\"sc_price_37655952\" \n\tclass=\"sc_price color_style_default sc_price_default\"><div class=\"sc_price_columns_wrap sc_item_columns trx_addons_columns_wrap columns_padding_bottom\"><div class=\"trx_addons_column-1_2\"><div class=\"sc_price_item sc_price_item_default\">\n\t\t\t<h6 class=\"sc_price_item_subtitle\"><span>FIBRA 600<\/span><\/h6><h3 class=\"sc_price_item_title\"><span>CUQUET 600<\/span><\/h3><div class=\"sc_price_item_image\"><img loading=\"lazy\" decoding=\"async\" src=\"https:\/\/relleutelecom.com\/macarova\/wp-content\/uploads\/2019\/05\/nube.jpg\" alt=\"sc-icons-image\" width=\"217\" height=\"58\"><\/div><div class=\"sc_price_item_details\"><ul class=\"trx_addons_list_success\">\n \t<li>600 Mb de bajada<\/li>\n \t<li>600 Mb de subida<\/li>\n \t<li>Sin l\u00edmite de descarga<\/li>\n \t<li>Fibra FTTH<\/li>\n        <li>12 meses permanencia<\/li>\n\n<\/ul><\/div><div class=\"sc_price_item_info\"><div class=\"sc_price_item_price\"><span class=\"sc_price_item_price_value\">25,90\u20ac<\/span><span class=\"sc_price_item_price_after\">precio desde - iva incluido<\/span><\/div><a href=\"\/macarova\/solicitar\/\" class=\"sc_price_item_link sc_button\" target=\"_blank\">\u00a1LO QUIERO!<\/a><\/div><!-- \/.sc_price_item_info --><\/div><\/div><div class=\"trx_addons_column-1_2\"><div class=\"sc_price_item sc_price_item_default\">\n\t\t\t<h6 class=\"sc_price_item_subtitle\"><span>FIBRA 1 Gb<\/span><\/h6><h3 class=\"sc_price_item_title\"><span>GROSAL 1000<\/span><\/h3><div class=\"sc_price_item_image\"><img loading=\"lazy\" decoding=\"async\" src=\"https:\/\/relleutelecom.com\/macarova\/wp-content\/uploads\/2019\/05\/nube.jpg\" alt=\"sc-icons-image\" width=\"217\" height=\"58\"><\/div><div class=\"sc_price_item_details\"><ul class=\"trx_addons_list_success\">\n \t<li>1000 Mb de bajada<\/li>\n        <li>1000 Mb de subida<\/li>\n \t<li>Sin l\u00edmite de descarga<\/li>\n \t<li>Fibra FTTH<\/li>\n        <li>12 meses permanencia<\/li>\n<\/ul><\/div><div class=\"sc_price_item_info\"><div class=\"sc_price_item_price\"><span class=\"sc_price_item_price_value\">32,90\u20ac<\/span><span class=\"sc_price_item_price_after\">precio desde - iva incluido<\/span><\/div><a href=\"\/macarova\/solicitar\/\" class=\"sc_price_item_link sc_button\" target=\"_blank\">\u00a1LO QUIERO!<\/a><\/div><!-- \/.sc_price_item_info --><\/div><\/div><\/div><\/div><!-- \/.sc_price -->[vc_empty_space height=\u00bb2.5em\u00bb alter_height=\u00bbnone\u00bb hide_on_desktop=\u00bb\u00bb hide_on_notebook=\u00bb\u00bb hide_on_tablet=\u00bb\u00bb hide_on_mobile=\u00bb\u00bb][\/vc_tta_section][vc_tta_section title=\u00bbFibra + M\u00f3vil\u00bb tab_id=\u00bb1609345479813-c781ddd5-ffe4&#8243;][vc_empty_space height=\u00bb2.5em\u00bb alter_height=\u00bbnone\u00bb hide_on_desktop=\u00bb\u00bb hide_on_notebook=\u00bb\u00bb hide_on_tablet=\u00bb\u00bb hide_on_mobile=\u00bb\u00bb]<div  id=\"sc_price_1575839475\" \n\tclass=\"sc_price color_style_default sc_price_default\"><div class=\"sc_price_columns_wrap sc_item_columns trx_addons_columns_wrap columns_padding_bottom\"><div class=\"trx_addons_column-1_2\"><div class=\"sc_price_item sc_price_item_default\">\n\t\t\t<h6 class=\"sc_price_item_subtitle\"><span>FIBRA 600 + M\u00d3VIL 30 Gb<\/span><\/h6><h3 class=\"sc_price_item_title\"><span>GROSAL 600+30Gb<\/span><\/h3><div class=\"sc_price_item_details\"><ul class=\"trx_addons_list_success\">\n \t<li>600 Mb de bajada<\/li>\n \t<li>600 Mb de subida<\/li>\n \t<li>Fibra FTTH<\/li>\n \t<li>Llamadas ilimitadas<\/li>\n \t<li>30 Gb datos m\u00f3viles<\/li>\n \t<li>Acumula datos no consumidos<\/li>\n        <li>12 meses de permanencia<\/li>\n        <li>L\u00ednea adicional 30 Gb +5\u20ac<\/li>\n        <li>Para otra combinaciones de Gb \u00a1cons\u00faltanos!<\/li>\n<\/ul><\/div><div class=\"sc_price_item_info\"><div class=\"sc_price_item_price\"><span class=\"sc_price_item_price_value\">30,90\u20ac<\/span><span class=\"sc_price_item_price_after\">precio desde - iva incluido<\/span><\/div><a href=\"\/macarova\/solicitar\/\" class=\"sc_price_item_link sc_button\" target=\"_blank\">\u00a1LO QUIERO!<\/a><\/div><!-- \/.sc_price_item_info --><\/div><\/div><div class=\"trx_addons_column-1_2\"><div class=\"sc_price_item sc_price_item_default\">\n\t\t\t<h6 class=\"sc_price_item_subtitle\"><span>FIBRA 1000 + M\u00d3VIL 30Gb<\/span><\/h6><h3 class=\"sc_price_item_title\"><span>GROSAL 1000+30Gb<\/span><\/h3><div class=\"sc_price_item_details\"><ul class=\"trx_addons_list_success\">\n \t<li>600 Mb de bajada<\/li>\n \t<li>600 Mb de subida<\/li>\n \t<li>Fibra FTTH<\/li>\n \t<li>Llamadas ilimitadas<\/li>\n \t<li>30 Gb datos m\u00f3viles<\/li>\n \t<li>Acumula datos no consumidos<\/li>\n \t<li>12 meses de permanencia<\/li>\n        <li>L\u00ednea adicional 30 Gb +5\u20ac<\/li>\n        <li>Para otra combinaciones de Gb \u00a1cons\u00faltanos!<\/li>\n<\/ul><\/div><div class=\"sc_price_item_info\"><div class=\"sc_price_item_price\"><span class=\"sc_price_item_price_value\">37,90\u20ac<\/span><span class=\"sc_price_item_price_after\">precio desde - iva incluido<\/span><\/div><a href=\"\/macarova\/solicitar\/\" class=\"sc_price_item_link sc_button\" target=\"_blank\">\u00a1LO QUIERO!<\/a><\/div><!-- \/.sc_price_item_info --><\/div><\/div><\/div><\/div><!-- \/.sc_price -->[vc_empty_space height=\u00bb2.5em\u00bb alter_height=\u00bbnone\u00bb hide_on_desktop=\u00bb\u00bb hide_on_notebook=\u00bb\u00bb hide_on_tablet=\u00bb1&#8243; hide_on_mobile=\u00bb1&#8243;][\/vc_tta_section][vc_tta_section title=\u00bbFibra-Wi\u00bb tab_id=\u00bb1628352694669-17213596-e776&#8243;][vc_empty_space height=\u00bb2.5em\u00bb alter_height=\u00bbnone\u00bb hide_on_desktop=\u00bb\u00bb hide_on_notebook=\u00bb\u00bb hide_on_tablet=\u00bb\u00bb hide_on_mobile=\u00bb\u00bb][vc_single_image image=\u00bb3134&#8243; img_size=\u00bblarge\u00bb alignment=\u00bbcenter\u00bb style=\u00bbvc_box_rounded\u00bb][vc_empty_space height=\u00bb2.5em\u00bb alter_height=\u00bbnone\u00bb hide_on_desktop=\u00bb\u00bb hide_on_notebook=\u00bb\u00bb hide_on_tablet=\u00bb\u00bb hide_on_mobile=\u00bb\u00bb][vc_column_text]<\/p>\n<p style=\"text-align: center;\">La <strong>nueva red<\/strong> de Relleu Telecom, tecnolog\u00eda de <strong>fibra inal\u00e1mbrica LTU.<\/strong><\/p>\n<h4 style=\"text-align: center;\"><strong><span style=\"color: #339966;\">fibraWI<\/span><\/strong>, <strong>sin cables, sin l\u00edmites.<\/strong><\/h4>\n<p>[\/vc_column_text][vc_empty_space height=\u00bb2.5em\u00bb alter_height=\u00bbnone\u00bb hide_on_desktop=\u00bb\u00bb hide_on_notebook=\u00bb\u00bb hide_on_tablet=\u00bb\u00bb hide_on_mobile=\u00bb\u00bb]<div  id=\"sc_price_2029387765\" \n\tclass=\"sc_price color_style_default sc_price_default\"><div class=\"sc_price_columns_wrap sc_item_columns trx_addons_columns_wrap columns_padding_bottom\"><div class=\"trx_addons_column-1_2\"><div class=\"sc_price_item sc_price_item_default\">\n\t\t\t<h6 class=\"sc_price_item_subtitle\"><span>LTU 100 Mb<\/span><\/h6><h3 class=\"sc_price_item_title\"><span>fibraWI PLUS<\/span><\/h3><div class=\"sc_price_item_image\"><img loading=\"lazy\" decoding=\"async\" src=\"https:\/\/relleutelecom.com\/macarova\/wp-content\/uploads\/2019\/05\/nube.jpg\" alt=\"sc-icons-image\" width=\"217\" height=\"58\"><\/div><div class=\"sc_price_item_details\"><ul class=\"trx_addons_list_success\">\n \t<li>100 Mb de bajada<\/li>\n \t<li>100 Mb de subida<\/li>\n \t<li>Sin l\u00edmite de descarga<\/li>\n \t<li>Fibra inal\u00e1mbrica LTU<\/li>\n \t<li>Sin necesidad de fijo<\/li>\n \t<li>Sin cables por las fachadas<\/li>\n<\/ul><\/div><div class=\"sc_price_item_info\"><div class=\"sc_price_item_price\"><span class=\"sc_price_item_price_value\">29,90\u20ac<\/span><span class=\"sc_price_item_price_after\">iva incluido<\/span><\/div><a href=\"\/macarova\/solicitar\/\" class=\"sc_price_item_link sc_button\" target=\"_blank\">\u00a1LO QUIERO!<\/a><\/div><!-- \/.sc_price_item_info --><\/div><\/div><div class=\"trx_addons_column-1_2\"><div class=\"sc_price_item sc_price_item_default\">\n\t\t\t<h6 class=\"sc_price_item_subtitle\"><span>LTU 200 MB<\/span><\/h6><h3 class=\"sc_price_item_title\"><span>fibraWI PRO<\/span><\/h3><div class=\"sc_price_item_image\"><img loading=\"lazy\" decoding=\"async\" src=\"https:\/\/relleutelecom.com\/macarova\/wp-content\/uploads\/2019\/05\/nube.jpg\" alt=\"sc-icons-image\" width=\"217\" height=\"58\"><\/div><div class=\"sc_price_item_details\"><ul class=\"trx_addons_list_success\">\n \t<li>200 Mb de bajada<\/li>\n \t<li>100 Mb de subida<\/li>\n \t<li>Sin l\u00edmite de descarga<\/li>\n \t<li>Fibra inal\u00e1mbrica LTU<\/li>\n \t<li>Sin necesidad de fijo<\/li>\n \t<li>Sin cables por las fachadas<\/li>\n<\/ul><\/div><div class=\"sc_price_item_info\"><div class=\"sc_price_item_price\"><span class=\"sc_price_item_price_value\">34,90\u20ac<\/span><span class=\"sc_price_item_price_after\">iva incluido<\/span><\/div><a href=\"\/macarova\/solicitar\/\" class=\"sc_price_item_link sc_button\" target=\"_blank\">\u00a1LO QUIERO!<\/a><\/div><!-- \/.sc_price_item_info --><\/div><\/div><\/div><\/div><!-- \/.sc_price -->[vc_empty_space height=\u00bb2.5em\u00bb alter_height=\u00bbnone\u00bb hide_on_desktop=\u00bb\u00bb hide_on_notebook=\u00bb\u00bb hide_on_tablet=\u00bb\u00bb hide_on_mobile=\u00bb\u00bb][vc_column_text]<\/p>\n<p style=\"text-align: left;\"><strong>Configura tu tarifa, a\u00f1ade la fibraWI y las l\u00edneas de m\u00f3vil que quieras a estos precios:<br \/>\n<\/strong><\/p>\n<p style=\"text-align: left;\">Llamadas Ilimitadas con 5 Gb de datos: + 3&#8217;20\u20ac<br \/>\nLlamadas Ilimitadas con 30 Gb de datos acumulables: + 5&#8217;50\u20ac<br \/>\nLlamadas Ilimitadas con 60 Gb de datos acumulables: + 6&#8217;50\u20ac<br \/>\nLlamadas Ilimitadas con 80 Gb de datos acumulables: + 7&#8217;50\u20ac<br \/>\nLlamadas Ilimitadas con 120 Gb de datos acumulables: + 8&#8217;50\u20ac<br \/>\nLlamadas Ilimitadas con 200 Gb de datos acumulables: + 11&#8217;50\u20ac<br \/>\nLlamadas Ilimitadas con datos ilimitados + 19&#8217;00\u20ac<br \/>\nFijo nacional: + 6\u20ac<br \/>\nFijo total: +6\u20ac<\/p>\n<p>[\/vc_column_text][vc_empty_space height=\u00bb2.5em\u00bb alter_height=\u00bbnone\u00bb hide_on_desktop=\u00bb\u00bb hide_on_notebook=\u00bb\u00bb hide_on_tablet=\u00bb\u00bb hide_on_mobile=\u00bb\u00bb][vc_column_text]<\/p>\n<p style=\"text-align: center;\"><strong>Despliegue en curso&#8230;.<\/strong><\/p>\n<p style=\"text-align: center;\"><strong><span style=\"color: #339966;\">Disponibilidad actual:<br \/>\n<\/span><\/strong><strong>99% casco urbano de Orxeta<br \/>\n80% casco urbano de Relleu<br \/>\n80% casco urbano de Sella<br \/>\n90% urbanizaci\u00f3n Casas Mediterr\u00e1neas (Relleu)<br \/>\n100% urbanizaci\u00f3n Alta Vista (Relleu)<\/strong><\/p>\n<p style=\"text-align: center;\"><strong><span style=\"color: #ff9900;\">Despliegue en proceso:<\/span><\/strong> <strong>completar porcentajes restantes y 80% de urbanizaci\u00f3n Muscaret<\/strong><\/p>\n<p>[\/vc_column_text][vc_empty_space height=\u00bb2.5em\u00bb alter_height=\u00bbnone\u00bb hide_on_desktop=\u00bb\u00bb hide_on_notebook=\u00bb\u00bb hide_on_tablet=\u00bb\u00bb hide_on_mobile=\u00bb\u00bb][\/vc_tta_section][\/vc_tta_tabs][\/vc_column][\/vc_row][vc_row full_width=\u00bbstretch_row\u00bb hide_bg_image_on_tablet=\u00bb\u00bb hide_bg_image_on_mobile=\u00bb\u00bb css=\u00bb.vc_custom_1510847121363{background-color: #f9f8f3 !important;}\u00bb][vc_column width=\u00bb1\/6&#8243;][\/vc_column][vc_column width=\u00bb4\/6&#8243;][vc_empty_space height=\u00bb4.4em\u00bb alter_height=\u00bbnone\u00bb hide_on_desktop=\u00bb\u00bb hide_on_notebook=\u00bb\u00bb hide_on_tablet=\u00bb\u00bb hide_on_mobile=\u00bb\u00bb][vc_empty_space height=\u00bb2.5em\u00bb alter_height=\u00bbnone\u00bb hide_on_desktop=\u00bb\u00bb hide_on_notebook=\u00bb\u00bb hide_on_tablet=\u00bb1&#8243; hide_on_mobile=\u00bb1&#8243;][\/vc_column][vc_column width=\u00bb1\/6&#8243;][\/vc_column][\/vc_row][vc_row full_width=\u00bbstretch_row\u00bb hide_bg_image_on_tablet=\u00bb\u00bb hide_bg_image_on_mobile=\u00bb\u00bb css=\u00bb.vc_custom_1510847121363{background-color: #f9f8f3 !important;}\u00bb][vc_column width=\u00bb1\/12&#8243; offset=\u00bbvc_hidden-sm vc_hidden-xs\u00bb][\/vc_column][vc_column offset=\u00bbvc_col-lg-10 vc_col-md-10&#8243;]<div id=\"sc_icons_1643357470\" \n\tclass=\"sc_icons sc_icons_default sc_icons_size_medium sc_align_center\"><div class=\"sc_icons_columns_wrap sc_item_columns trx_addons_columns_wrap columns_padding_bottom\"><div class=\"trx_addons_column-1_3\"><div class=\"sc_icons_item\"><div class=\"sc_icons_image\"><img loading=\"lazy\" decoding=\"async\" src=\"https:\/\/relleutelecom.com\/macarova\/wp-content\/uploads\/2017\/12\/packages_icon_1.png\" alt=\"sc-icons-image\" width=\"46\" height=\"59\"><\/div><h4 class=\"sc_icons_item_title\"><span>Sin l\u00edmite de descarga<\/span><\/h4><div class=\"sc_icons_item_description\"><span>Navega y descarga con nuestra tarifa plana sin preocuparte por agotar tu plan de datos<\/span><\/div><\/div><\/div><div class=\"trx_addons_column-1_3\"><div class=\"sc_icons_item\"><div class=\"sc_icons_image\"><img loading=\"lazy\" decoding=\"async\" src=\"https:\/\/relleutelecom.com\/macarova\/wp-content\/uploads\/2017\/12\/packages_icon_2.png\" alt=\"sc-icons-image\" width=\"53\" height=\"59\"><\/div><h4 class=\"sc_icons_item_title\"><span>Velocidad real<\/span><\/h4><div class=\"sc_icons_item_description\"><span>Nuestra tecnolog\u00eda asegura una mayor estabilidad y menor latencia, ideal para juegos online<\/span><\/div><\/div><\/div><div class=\"trx_addons_column-1_3\"><div class=\"sc_icons_item\"><div class=\"sc_icons_image\"><img loading=\"lazy\" decoding=\"async\" src=\"https:\/\/relleutelecom.com\/macarova\/wp-content\/uploads\/2017\/12\/packages_icon_3.png\" alt=\"sc-icons-image\" width=\"51\" height=\"59\"><\/div><h4 class=\"sc_icons_item_title\"><span>No necesario tel\u00e9fono<\/span><\/h4><div class=\"sc_icons_item_description\"><span>Si s\u00f3lo quieres internet, no hay problema, no necesitas contratar tel\u00e9fono fijo para tener internet<\/span><\/div><\/div><\/div><\/div><\/div><!-- \/.sc_icons -->[vc_empty_space height=\u00bb3.5em\u00bb alter_height=\u00bbnone\u00bb hide_on_desktop=\u00bb\u00bb hide_on_notebook=\u00bb\u00bb hide_on_tablet=\u00bb\u00bb hide_on_mobile=\u00bb\u00bb][vc_empty_space height=\u00bb3.5em\u00bb alter_height=\u00bbnone\u00bb hide_on_desktop=\u00bb\u00bb hide_on_notebook=\u00bb\u00bb hide_on_tablet=\u00bb1&#8243; hide_on_mobile=\u00bb1&#8243;][\/vc_column][vc_column width=\u00bb1\/12&#8243; offset=\u00bbvc_hidden-sm vc_hidden-xs\u00bb][\/vc_column][\/vc_row][vc_row][vc_column width=\u00bb1\/6&#8243;][\/vc_column][vc_column width=\u00bb2\/3&#8243;][vc_empty_space height=\u00bb4.3em\u00bb alter_height=\u00bbnone\u00bb hide_on_desktop=\u00bb\u00bb hide_on_notebook=\u00bb\u00bb hide_on_tablet=\u00bb\u00bb hide_on_mobile=\u00bb\u00bb][vc_empty_space height=\u00bb4.3em\u00bb alter_height=\u00bbnone\u00bb hide_on_desktop=\u00bb\u00bb hide_on_notebook=\u00bb\u00bb hide_on_tablet=\u00bb1&#8243; hide_on_mobile=\u00bb1&#8243;]<div id=\"sc_title_630831536\"\n\t\tclass=\"sc_title color_style_default sc_title_default\"><h4 class=\"sc_item_title sc_title_title sc_align_center sc_item_title_style_default sc_item_title_tag\">Caracter\u00edsticas b\u00e1sicas de fibraWI<\/h4><\/div><!-- \/.sc_title -->[vc_empty_space height=\u00bb3.2em\u00bb alter_height=\u00bbnone\u00bb hide_on_desktop=\u00bb\u00bb hide_on_notebook=\u00bb\u00bb hide_on_tablet=\u00bb\u00bb hide_on_mobile=\u00bb\u00bb][\/vc_column][vc_column width=\u00bb1\/6&#8243;][\/vc_column][\/vc_row][vc_row][vc_column width=\u00bb1\/2&#8243;][vc_empty_space height=\u00bb3.2em\u00bb alter_height=\u00bbnone\u00bb hide_on_desktop=\u00bb\u00bb hide_on_notebook=\u00bb\u00bb hide_on_tablet=\u00bb\u00bb hide_on_mobile=\u00bb\u00bb][vc_column_text]<\/p>\n<ul>\n<li><strong>Instalaci\u00f3n sencilla<\/strong>, s\u00f3lo un peque\u00f1o receptor en el m\u00e1stil de la antena de TV o punto m\u00e1s cercano a donde quieras la conexi\u00f3n, y un router WiFi.<\/li>\n<li><strong>Baja latencia<\/strong>, velocidad real, juega y navega a la velocidad contratada.<\/li>\n<li>Si tienes l\u00ednea ADSL puedes hacer dos cosas, conservarla como antig\u00fcedad o darla de baja, ya <strong>no necesitas<\/strong> nada de esto para estar con Relleu Telecom.<\/li>\n<li>Servicio de <strong>IP fija<\/strong>, si necesitas una IP fija, te la proporcionamos por 5\u20ac al mes.<\/li>\n<\/ul>\n<p>[\/vc_column_text][vc_empty_space height=\u00bb3.2em\u00bb alter_height=\u00bbnone\u00bb hide_on_desktop=\u00bb\u00bb hide_on_notebook=\u00bb\u00bb hide_on_tablet=\u00bb\u00bb hide_on_mobile=\u00bb\u00bb][\/vc_column][vc_column width=\u00bb1\/2&#8243;][vc_empty_space height=\u00bb3.2em\u00bb alter_height=\u00bbnone\u00bb hide_on_desktop=\u00bb\u00bb hide_on_notebook=\u00bb\u00bb hide_on_tablet=\u00bb\u00bb hide_on_mobile=\u00bb\u00bb][vc_column_text]<\/p>\n<ul>\n<li><strong>Servicio independiente<\/strong>, no dependemos del estado de la l\u00ednea telef\u00f3nica convencional, somos libres de poder subir las velocidades.<\/li>\n<li>Mantenimiento de antena <strong>gratuito<\/strong>, si se estropea, te la cambiamos sin coste.<\/li>\n<li><strong>Servicio de vacaciones<\/strong>, si no vas a estar durante alg\u00fan tiempo, no te damos de baja, suspendemos el servicio pagando s\u00f3lo 0,23\u20ac por cada d\u00eda que est\u00e9s con el servicio suspendido, cuando vuelvas, te lo reactivamos sin coste.<\/li>\n<li>Dep\u00f3sito por instalaci\u00f3n 60\u20ac (no aplicable a altas en comunidades de vecinos y solo para el servicio fibraWI)<\/li>\n<li>Precios iva incluido<\/li>\n<\/ul>\n<p>[\/vc_column_text][vc_empty_space height=\u00bb3.2em\u00bb alter_height=\u00bbnone\u00bb hide_on_desktop=\u00bb\u00bb hide_on_notebook=\u00bb\u00bb hide_on_tablet=\u00bb\u00bb hide_on_mobile=\u00bb\u00bb][\/vc_column][\/vc_row][vc_row][vc_column width=\u00bb1\/6&#8243;][\/vc_column][vc_column width=\u00bb2\/3&#8243;][\/vc_column][vc_column width=\u00bb1\/6&#8243;][\/vc_column][\/vc_row][vc_row][vc_column][\/vc_column][\/vc_row]<\/p>\n","protected":false},"excerpt":{"rendered":"<p>[vc_row][vc_column width=\u00bb1\/6&#8243; offset=\u00bbvc_hidden-sm vc_hidden-xs\u00bb][\/vc_column][vc_column offset=\u00bbvc_col-lg-8 vc_col-md-8 vc_col-xs-12&#8243;][vc_column_text] Fibra para todas las necesidades con la m\u00e1xima&hellip;<\/p>\n","protected":false},"author":1,"featured_media":0,"parent":0,"menu_order":0,"comment_status":"closed","ping_status":"closed","template":"","meta":{"footnotes":""},"_links":{"self":[{"href":"https:\/\/relleutelecom.com\/macarova\/wp-json\/wp\/v2\/pages\/2920"}],"collection":[{"href":"https:\/\/relleutelecom.com\/macarova\/wp-json\/wp\/v2\/pages"}],"about":[{"href":"https:\/\/relleutelecom.com\/macarova\/wp-json\/wp\/v2\/types\/page"}],"author":[{"embeddable":true,"href":"https:\/\/relleutelecom.com\/macarova\/wp-json\/wp\/v2\/users\/1"}],"replies":[{"embeddable":true,"href":"https:\/\/relleutelecom.com\/macarova\/wp-json\/wp\/v2\/comments?post=2920"}],"version-history":[{"count":91,"href":"https:\/\/relleutelecom.com\/macarova\/wp-json\/wp\/v2\/pages\/2920\/revisions"}],"predecessor-version":[{"id":3740,"href":"https:\/\/relleutelecom.com\/macarova\/wp-json\/wp\/v2\/pages\/2920\/revisions\/3740"}],"wp:attachment":[{"href":"https:\/\/relleutelecom.com\/macarova\/wp-json\/wp\/v2\/media?parent=2920"}],"curies":[{"name":"wp","href":"https:\/\/api.w.org\/{rel}","templated":true}]}}