{"id":2267,"date":"2019-06-04T16:10:17","date_gmt":"2019-06-04T14:10:17","guid":{"rendered":"http:\/\/relleutelecom.com\/macarova\/?page_id=2267"},"modified":"2022-10-16T16:09:42","modified_gmt":"2022-10-16T14:09:42","slug":"nuestra-red","status":"publish","type":"page","link":"https:\/\/relleutelecom.com\/macarova\/nuestra-red\/","title":{"rendered":"Nuestra Red"},"content":{"rendered":"<p>[vc_row][vc_column][vc_empty_space height=\u00bb4.5em\u00bb alter_height=\u00bbnone\u00bb hide_on_desktop=\u00bb\u00bb hide_on_notebook=\u00bb\u00bb hide_on_tablet=\u00bb1&#8243; hide_on_mobile=\u00bb1&#8243;][\/vc_column][\/vc_row][vc_row][vc_column offset=\u00bbvc_col-lg-6 vc_col-md-6&#8243;][vc_empty_space height=\u00bb4.5em\u00bb alter_height=\u00bbnone\u00bb hide_on_desktop=\u00bb\u00bb hide_on_notebook=\u00bb\u00bb hide_on_tablet=\u00bb\u00bb hide_on_mobile=\u00bb\u00bb][vc_single_image image=\u00bb2278&#8243; img_size=\u00bblarge\u00bb alignment=\u00bbcenter\u00bb style=\u00bbvc_box_rounded\u00bb][vc_empty_space height=\u00bb4.5em\u00bb alter_height=\u00bbnone\u00bb hide_on_desktop=\u00bb\u00bb hide_on_notebook=\u00bb\u00bb hide_on_tablet=\u00bb1&#8243; hide_on_mobile=\u00bb1&#8243;][\/vc_column][vc_column offset=\u00bbvc_col-lg-6 vc_col-md-6&#8243;]<div id=\"sc_title_1847778642\"\n\t\tclass=\"sc_title color_style_default sc_title_default\"><h6 class=\"sc_item_subtitle sc_title_subtitle sc_align_left sc_item_title_style_default\"><span>BIENVENIDO A RELLEU TELECOM<\/span><\/h6><h3 class=\"sc_item_title sc_title_title sc_align_left sc_item_title_style_default\">Red WiMAX<\/h3><\/div><!-- \/.sc_title -->[vc_empty_space height=\u00bb2em\u00bb alter_height=\u00bbnone\u00bb hide_on_desktop=\u00bb\u00bb hide_on_notebook=\u00bb\u00bb hide_on_tablet=\u00bb\u00bb hide_on_mobile=\u00bb\u00bb][vc_column_text]Operamos nuestra red con la tecnolog\u00eda inal\u00e1mbrica mas puntera, esta tecnolog\u00eda permite conexiones de radio a larga distancia, manteniendo una calidad del servicio muy alta, a la altura de la fibra convencional, es una red de implantaci\u00f3n sencilla, s\u00f3lo se necesita una peque\u00f1a antena que en la mayor parte de instalaciones se puede realizar en el mismo m\u00e1stil de antena de televisi\u00f3n y un router wifi para dar servicio a los dispositivos que se desea conectar a internet.<\/p>\n<p>Nuestra conexi\u00f3n al exterior se realiza con la red del 4\u00ba proveedor de telecomunicaciones de Espa\u00f1a, lo que garantiza fiabilidad, actualizaci\u00f3n de tecnolog\u00edas y tarifas competitivas.<\/p>\n<p>Relleu Telecom trabaja con los mejores equipos t\u00e9cnicos, distribuidores y proveedores de software para ofrecerte siempre la mejor calidad en nuestro servicio.<\/p>\n<p><img loading=\"lazy\" decoding=\"async\" class=\"aligncenter wp-image-2798 size-full\" src=\"http:\/\/relleutelecom.com\/macarova\/wp-content\/uploads\/2020\/03\/partners_web.jpg\" alt=\"\" width=\"842\" height=\"140\" srcset=\"https:\/\/relleutelecom.com\/macarova\/wp-content\/uploads\/2020\/03\/partners_web.jpg 842w, https:\/\/relleutelecom.com\/macarova\/wp-content\/uploads\/2020\/03\/partners_web-300x50.jpg 300w, https:\/\/relleutelecom.com\/macarova\/wp-content\/uploads\/2020\/03\/partners_web-768x128.jpg 768w, https:\/\/relleutelecom.com\/macarova\/wp-content\/uploads\/2020\/03\/partners_web-370x62.jpg 370w, https:\/\/relleutelecom.com\/macarova\/wp-content\/uploads\/2020\/03\/partners_web-760x126.jpg 760w, https:\/\/relleutelecom.com\/macarova\/wp-content\/uploads\/2020\/03\/partners_web-600x100.jpg 600w\" sizes=\"(max-width: 842px) 100vw, 842px\" \/>[\/vc_column_text][vc_empty_space height=\u00bb3em\u00bb alter_height=\u00bbnone\u00bb hide_on_desktop=\u00bb\u00bb hide_on_notebook=\u00bb\u00bb hide_on_tablet=\u00bb\u00bb hide_on_mobile=\u00bb\u00bb][\/vc_column][\/vc_row][vc_row][vc_column offset=\u00bbvc_col-lg-6 vc_col-md-6&#8243;][vc_empty_space height=\u00bb2em\u00bb alter_height=\u00bbnone\u00bb hide_on_desktop=\u00bb\u00bb hide_on_notebook=\u00bb\u00bb hide_on_tablet=\u00bb\u00bb hide_on_mobile=\u00bb\u00bb][vc_empty_space height=\u00bb2em\u00bb alter_height=\u00bbnone\u00bb hide_on_desktop=\u00bb\u00bb hide_on_notebook=\u00bb\u00bb hide_on_tablet=\u00bb\u00bb hide_on_mobile=\u00bb\u00bb]<div id=\"sc_title_1877608739\"\n\t\tclass=\"sc_title color_style_default sc_title_default\"><h6 class=\"sc_item_subtitle sc_title_subtitle sc_align_left sc_item_title_style_default\"><span>EL INTERNET DE LA MONTA\u00d1A<\/span><\/h6><h3 class=\"sc_item_title sc_title_title sc_align_left sc_item_title_style_default\">Cobertura<\/h3><\/div><!-- \/.sc_title -->[vc_empty_space height=\u00bb2em\u00bb alter_height=\u00bbnone\u00bb hide_on_desktop=\u00bb\u00bb hide_on_notebook=\u00bb\u00bb hide_on_tablet=\u00bb\u00bb hide_on_mobile=\u00bb\u00bb][vc_column_text]Actualmente tenemos cubierta la mayor parte de los t\u00e9rminos municipales de Relleu, Orxeta, Sella, Finestrat, Aig\u00fces y La Vila, cubriendo casco urbano y gran parte de las <strong>partidas rurales<\/strong>, pudiendo alcanzar lugares mas alejados siempre estando en el rango de cobertura de nuestros emisores.<\/p>\n<p>Nuestra red inal\u00e1mbrica cubre mas de 150 km2 de la Marina Baixa, y seguimos ampliando&#8230; \ud83d\ude42<\/p>\n<p>En pr\u00f3ximas actualizaciones de la red, se ir\u00e1 incrementando la cobertura disponible para poder dar el <strong>mejor servicio<\/strong> posible a nuestros vecinos, as\u00ed como el despliegue que tenemos en proceso en los cascos urbanos de Relleu y Orxeta de nueva red basada en tecnolog\u00eda LTU, con velocidades hasta 300 Mb.<\/p>\n<p>Disponemos de Servicio T\u00e9cnico 24H propio para solventar los problemas de la red, y en horario laboral, festivos y fines de semana seguimos atendiendo las incidencias que puedan tener nuestros clientes para resolverlas en el menor tiempo posible, sea el d\u00eda que sea.<\/p>\n<p>En nuestro servicio de fibra \u00f3ptica\/HFC gracias a acuerdos con otros operadores somos capaces de cubrir la mayor parte del territorio espa\u00f1ol.<\/p>\n<p>Cons\u00faltanos y comprobaremos si estas dentro de nuestro \u00e1rea de cobertura.[\/vc_column_text][vc_empty_space height=\u00bb4.5em\u00bb alter_height=\u00bbnone\u00bb hide_on_desktop=\u00bb\u00bb hide_on_notebook=\u00bb\u00bb hide_on_tablet=\u00bb1&#8243; hide_on_mobile=\u00bb1&#8243;][\/vc_column][vc_column offset=\u00bbvc_col-lg-6 vc_col-md-6&#8243;][vc_empty_space height=\u00bb4.5em\u00bb alter_height=\u00bbnone\u00bb hide_on_desktop=\u00bb\u00bb hide_on_notebook=\u00bb\u00bb hide_on_tablet=\u00bb\u00bb hide_on_mobile=\u00bb\u00bb][vc_empty_space height=\u00bb4.5em\u00bb alter_height=\u00bbnone\u00bb hide_on_desktop=\u00bb\u00bb hide_on_notebook=\u00bb\u00bb hide_on_tablet=\u00bb\u00bb hide_on_mobile=\u00bb\u00bb][vc_single_image image=\u00bb3445&#8243; img_size=\u00bbmedium\u00bb alignment=\u00bbcenter\u00bb style=\u00bbvc_box_rounded\u00bb onclick=\u00bbimg_link_large\u00bb img_link_target=\u00bb_blank\u00bb][vc_empty_space height=\u00bb3em\u00bb alter_height=\u00bbnone\u00bb hide_on_desktop=\u00bb\u00bb hide_on_notebook=\u00bb\u00bb hide_on_tablet=\u00bb\u00bb hide_on_mobile=\u00bb\u00bb][vc_single_image image=\u00bb3165&#8243; img_size=\u00bbmedium\u00bb alignment=\u00bbcenter\u00bb style=\u00bbvc_box_rounded\u00bb][vc_empty_space height=\u00bb4.5em\u00bb alter_height=\u00bbnone\u00bb hide_on_desktop=\u00bb\u00bb hide_on_notebook=\u00bb\u00bb hide_on_tablet=\u00bb\u00bb hide_on_mobile=\u00bb\u00bb][vc_empty_space height=\u00bb4.5em\u00bb alter_height=\u00bbnone\u00bb hide_on_desktop=\u00bb\u00bb hide_on_notebook=\u00bb\u00bb hide_on_tablet=\u00bb1&#8243; hide_on_mobile=\u00bb1&#8243;][\/vc_column][\/vc_row]<\/p>\n","protected":false},"excerpt":{"rendered":"<p>[vc_row][vc_column][vc_empty_space height=\u00bb4.5em\u00bb alter_height=\u00bbnone\u00bb hide_on_desktop=\u00bb\u00bb hide_on_notebook=\u00bb\u00bb hide_on_tablet=\u00bb1&#8243; hide_on_mobile=\u00bb1&#8243;][\/vc_column][\/vc_row][vc_row][vc_column offset=\u00bbvc_col-lg-6 vc_col-md-6&#8243;][vc_empty_space height=\u00bb4.5em\u00bb alter_height=\u00bbnone\u00bb hide_on_desktop=\u00bb\u00bb hide_on_notebook=\u00bb\u00bb hide_on_tablet=\u00bb\u00bb hide_on_mobile=\u00bb\u00bb][vc_single_image&hellip;<\/p>\n","protected":false},"author":1,"featured_media":0,"parent":0,"menu_order":0,"comment_status":"closed","ping_status":"closed","template":"","meta":{"footnotes":""},"_links":{"self":[{"href":"https:\/\/relleutelecom.com\/macarova\/wp-json\/wp\/v2\/pages\/2267"}],"collection":[{"href":"https:\/\/relleutelecom.com\/macarova\/wp-json\/wp\/v2\/pages"}],"about":[{"href":"https:\/\/relleutelecom.com\/macarova\/wp-json\/wp\/v2\/types\/page"}],"author":[{"embeddable":true,"href":"https:\/\/relleutelecom.com\/macarova\/wp-json\/wp\/v2\/users\/1"}],"replies":[{"embeddable":true,"href":"https:\/\/relleutelecom.com\/macarova\/wp-json\/wp\/v2\/comments?post=2267"}],"version-history":[{"count":55,"href":"https:\/\/relleutelecom.com\/macarova\/wp-json\/wp\/v2\/pages\/2267\/revisions"}],"predecessor-version":[{"id":3446,"href":"https:\/\/relleutelecom.com\/macarova\/wp-json\/wp\/v2\/pages\/2267\/revisions\/3446"}],"wp:attachment":[{"href":"https:\/\/relleutelecom.com\/macarova\/wp-json\/wp\/v2\/media?parent=2267"}],"curies":[{"name":"wp","href":"https:\/\/api.w.org\/{rel}","templated":true}]}}