{"id":2133,"date":"2019-06-01T23:39:01","date_gmt":"2019-06-01T21:39:01","guid":{"rendered":"http:\/\/relleutelecom.com\/macarova\/?page_id=2133"},"modified":"2024-01-18T17:08:32","modified_gmt":"2024-01-18T16:08:32","slug":"conocenos","status":"publish","type":"page","link":"https:\/\/relleutelecom.com\/macarova\/conocenos\/","title":{"rendered":"Con\u00f3cenos"},"content":{"rendered":"<p>[vc_row][vc_column width=\u00bb1\/2&#8243;][vc_empty_space height=\u00bb3em\u00bb alter_height=\u00bbnone\u00bb hide_on_desktop=\u00bb\u00bb hide_on_notebook=\u00bb1&#8243; hide_on_tablet=\u00bb1&#8243; hide_on_mobile=\u00bb1&#8243;][vc_empty_space height=\u00bb0.75em\u00bb alter_height=\u00bbnone\u00bb hide_on_desktop=\u00bb\u00bb hide_on_notebook=\u00bb1&#8243; hide_on_tablet=\u00bb1&#8243; hide_on_mobile=\u00bb\u00bb]<div id=\"sc_title_711237049\"\n\t\tclass=\"sc_title color_style_default sc_title_default\"><h6 class=\"sc_item_subtitle sc_title_subtitle sc_align_left sc_item_title_style_default\"><span>Hecho en Relleu<\/span><\/h6><h3 class=\"sc_item_title sc_title_title sc_align_left sc_item_title_style_default\">Algo sobre nosotros \ud83d\ude42<\/h3><\/div><!-- \/.sc_title -->[vc_empty_space height=\u00bb2.3em\u00bb alter_height=\u00bbnone\u00bb hide_on_desktop=\u00bb\u00bb hide_on_notebook=\u00bb\u00bb hide_on_tablet=\u00bb\u00bb hide_on_mobile=\u00bb\u00bb][vc_column_text]En la calle de nuestra sede, el \u00abcarrer Albalat\u00bb n\u00famero 5, estaba la oficina de correos de Relleu, mi abuelo Toni fue el cartero del pueblo durante muchos a\u00f1os.<\/p>\n<p>La ultima central de tel\u00e9fonos de conmutaci\u00f3n manual de Relleu tambi\u00e9n estuvo en la misma casa, mi t\u00eda era \u201cchica del cable\u201d, conectaba las llamadas de Relleu con el resto del mundo a traves de una centralita de conmutaci\u00f3n manual.<\/p>\n<p>Toda una agradable relaci\u00f3n con nuestros vecinos de a trav\u00e9s de las telecomunicaciones de pueblo.<\/p>\n<p>La tercera generaci\u00f3n de la familia te quiere presentar Relleu Telecom, tu operadora comarcal de telecomunicaciones en la Marina Baixa.<\/p>\n<p>Te ofrecemos internet de banda ancha y tarifa plana, tel\u00e9fono fijo y m\u00f3vil, hecho en Relleu, las telecomunicaciones ya pueden ser servicio propio del pueblo, se acab\u00f3 ser s\u00f3lo un n\u00famero de cliente de una multinacional, se acab\u00f3 que te cojan el tel\u00e9fono gente que esta al otro lado del Oc\u00e9ano Atl\u00e1ntico, o ser atendidos por un ordenador, ahora, tu proveedor es vecino tuyo, esta en Relleu.<\/p>\n<p>Relleu Telecom es una empresa peque\u00f1a, familiar, con sede en un pueblo de 1200 habitantes de la monta\u00f1a alicantina, orgullosos de ser de pueblo, y mas orgullosos todav\u00eda de dar una atenci\u00f3n y una calidad de servicio mejor que las multinacionales, con una atenci\u00f3n cercana, a tiro de llamada al m\u00f3vil, y con muchas ganas de seguir trabajando y luchando contra la \u00abEspa\u00f1a vac\u00eda\u00bb promoviendo el consumo local y comarcal, y demostrando que desde los pueblos, se hace todo con mucho cari\u00f1o y dedicaci\u00f3n, incluidas las telecomunicaciones. \ud83d\ude42<\/p>\n<p>25 a\u00f1os de trayectoria en el sector, trabajar con los mejores proveedores y distribuidores de servicios digitales del pa\u00eds, y la confianza de mas de 1000 familias, empresas e instituciones p\u00fablicas y privadas conectadas nos avalan.<\/p>\n<p>\u00bfTe vienes? \ud83d\ude09<\/p>\n<p><span style=\"color: #000000;\">Mariano R. Climent<\/span> | <span style=\"color: #99cc00;\">Gerente<\/span>[\/vc_column_text][vc_empty_space height=\u00bb2.3435em\u00bb alter_height=\u00bbnone\u00bb hide_on_desktop=\u00bb\u00bb hide_on_notebook=\u00bb\u00bb hide_on_tablet=\u00bb\u00bb hide_on_mobile=\u00bb\u00bb][vc_empty_space height=\u00bb2.3435em\u00bb alter_height=\u00bbnone\u00bb hide_on_desktop=\u00bb\u00bb hide_on_notebook=\u00bb\u00bb hide_on_tablet=\u00bb\u00bb hide_on_mobile=\u00bb1&#8243;][\/vc_column][vc_column width=\u00bb1\/2&#8243;][vc_empty_space height=\u00bb6&#8243; alter_height=\u00bbnone\u00bb hide_on_desktop=\u00bb\u00bb hide_on_notebook=\u00bb\u00bb hide_on_tablet=\u00bb1&#8243; hide_on_mobile=\u00bb1&#8243;][vc_empty_space height=\u00bb4.687em\u00bb alter_height=\u00bbnone\u00bb hide_on_desktop=\u00bb\u00bb hide_on_notebook=\u00bb\u00bb hide_on_tablet=\u00bb\u00bb hide_on_mobile=\u00bb\u00bb][vc_single_image image=\u00bb2495&#8243; img_size=\u00bbfull\u00bb style=\u00bbvc_box_rounded\u00bb][vc_column_text]Antonio Climent, ex-cartero de Relleu.[\/vc_column_text][vc_empty_space height=\u00bb4.687em\u00bb alter_height=\u00bbnone\u00bb hide_on_desktop=\u00bb\u00bb hide_on_notebook=\u00bb\u00bb hide_on_tablet=\u00bb\u00bb hide_on_mobile=\u00bb\u00bb][vc_single_image image=\u00bb1818&#8243; img_size=\u00bbfull\u00bb style=\u00bbvc_box_rounded\u00bb][vc_column_text]Relleu (Alicante) 1.200 hab., sede de Relleu Telecom.[\/vc_column_text][vc_empty_space height=\u00bb4.687em\u00bb alter_height=\u00bbnone\u00bb hide_on_desktop=\u00bb\u00bb hide_on_notebook=\u00bb\u00bb hide_on_tablet=\u00bb\u00bb hide_on_mobile=\u00bb\u00bb][vc_empty_space height=\u00bb0.5em\u00bb alter_height=\u00bbnone\u00bb hide_on_desktop=\u00bb\u00bb hide_on_notebook=\u00bb\u00bb hide_on_tablet=\u00bb\u00bb hide_on_mobile=\u00bb1&#8243;][vc_empty_space height=\u00bb4.187em\u00bb alter_height=\u00bbnone\u00bb hide_on_desktop=\u00bb\u00bb hide_on_notebook=\u00bb1&#8243; hide_on_tablet=\u00bb1&#8243; hide_on_mobile=\u00bb1&#8243;][\/vc_column][\/vc_row]<\/p>\n","protected":false},"excerpt":{"rendered":"<p>[vc_row][vc_column width=\u00bb1\/2&#8243;][vc_empty_space height=\u00bb3em\u00bb alter_height=\u00bbnone\u00bb hide_on_desktop=\u00bb\u00bb hide_on_notebook=\u00bb1&#8243; hide_on_tablet=\u00bb1&#8243; hide_on_mobile=\u00bb1&#8243;][vc_empty_space height=\u00bb0.75em\u00bb alter_height=\u00bbnone\u00bb hide_on_desktop=\u00bb\u00bb hide_on_notebook=\u00bb1&#8243; hide_on_tablet=\u00bb1&#8243; hide_on_mobile=\u00bb\u00bb][vc_empty_space height=\u00bb2.3em\u00bb&hellip;<\/p>\n","protected":false},"author":1,"featured_media":0,"parent":0,"menu_order":0,"comment_status":"closed","ping_status":"closed","template":"","meta":{"footnotes":""},"_links":{"self":[{"href":"https:\/\/relleutelecom.com\/macarova\/wp-json\/wp\/v2\/pages\/2133"}],"collection":[{"href":"https:\/\/relleutelecom.com\/macarova\/wp-json\/wp\/v2\/pages"}],"about":[{"href":"https:\/\/relleutelecom.com\/macarova\/wp-json\/wp\/v2\/types\/page"}],"author":[{"embeddable":true,"href":"https:\/\/relleutelecom.com\/macarova\/wp-json\/wp\/v2\/users\/1"}],"replies":[{"embeddable":true,"href":"https:\/\/relleutelecom.com\/macarova\/wp-json\/wp\/v2\/comments?post=2133"}],"version-history":[{"count":37,"href":"https:\/\/relleutelecom.com\/macarova\/wp-json\/wp\/v2\/pages\/2133\/revisions"}],"predecessor-version":[{"id":3528,"href":"https:\/\/relleutelecom.com\/macarova\/wp-json\/wp\/v2\/pages\/2133\/revisions\/3528"}],"wp:attachment":[{"href":"https:\/\/relleutelecom.com\/macarova\/wp-json\/wp\/v2\/media?parent=2133"}],"curies":[{"name":"wp","href":"https:\/\/api.w.org\/{rel}","templated":true}]}}