{"id":2056,"date":"2019-06-01T17:43:53","date_gmt":"2019-06-01T15:43:53","guid":{"rendered":"http:\/\/relleutelecom.com\/macarova\/?page_id=2056"},"modified":"2025-02-26T19:41:41","modified_gmt":"2025-02-26T18:41:41","slug":"packs","status":"publish","type":"page","link":"https:\/\/relleutelecom.com\/macarova\/packs\/","title":{"rendered":"Combinados"},"content":{"rendered":"<p>[vc_row][vc_column width=\u00bb1\/6&#8243; offset=\u00bbvc_hidden-sm vc_hidden-xs\u00bb][\/vc_column][vc_column offset=\u00bbvc_col-lg-8 vc_col-md-8 vc_col-xs-12&#8243;][vc_column_text]<\/p>\n<p style=\"text-align: center;\">Hemos creado unos <strong>packs<\/strong> para ayudarte a <strong>ahorrar<\/strong> combinando<br \/>\nvarios servicios en una sola tarifa <strong>\u00a1Desc\u00fabrelos!<\/strong><\/p>\n<p style=\"text-align: center;\">Si necesitas <strong>mejorar<\/strong> los <strong>Gb<\/strong> de los <strong>combinados<\/strong>,<br \/>\ntenemos otros disponibles, <strong>\u00a1Preg\u00fantanos!<\/strong><\/p>\n<p>[\/vc_column_text][vc_empty_space height=\u00bb2.85em\u00bb alter_height=\u00bbnone\u00bb hide_on_desktop=\u00bb\u00bb hide_on_notebook=\u00bb\u00bb hide_on_tablet=\u00bb\u00bb hide_on_mobile=\u00bb\u00bb][vc_empty_space height=\u00bb2.85em\u00bb alter_height=\u00bbnone\u00bb hide_on_desktop=\u00bb\u00bb hide_on_notebook=\u00bb\u00bb hide_on_tablet=\u00bb1&#8243; hide_on_mobile=\u00bb1&#8243;][\/vc_column][vc_column width=\u00bb1\/6&#8243; offset=\u00bbvc_hidden-sm vc_hidden-xs\u00bb][\/vc_column][\/vc_row][vc_row full_width=\u00bbstretch_row\u00bb hide_bg_image_on_tablet=\u00bb\u00bb hide_bg_image_on_mobile=\u00bb\u00bb][vc_column][vc_empty_space height=\u00bb2.5em\u00bb alter_height=\u00bbnone\u00bb hide_on_desktop=\u00bb\u00bb hide_on_notebook=\u00bb\u00bb hide_on_tablet=\u00bb\u00bb hide_on_mobile=\u00bb\u00bb][vc_tta_tabs alignment=\u00bbcenter\u00bb active_section=\u00bb1&#8243; no_fill_content_area=\u00bbtrue\u00bb][vc_tta_section title=\u00bbInternet + Fijo\u00bb tab_id=\u00bb1559404104303-e81f921c-3b00&#8243;][vc_empty_space height=\u00bb2.5em\u00bb alter_height=\u00bbnone\u00bb hide_on_desktop=\u00bb\u00bb hide_on_notebook=\u00bb\u00bb hide_on_tablet=\u00bb\u00bb hide_on_mobile=\u00bb\u00bb]<div  id=\"sc_price_1403501798\" \n\tclass=\"sc_price color_style_default sc_price_default\"><div class=\"sc_price_columns_wrap sc_item_columns trx_addons_columns_wrap columns_padding_bottom\"><div class=\"trx_addons_column-1_3\"><div class=\"sc_price_item sc_price_item_default\">\n\t\t\t<h6 class=\"sc_price_item_subtitle\"><span>la econ\u00f3mica<\/span><\/h6><h3 class=\"sc_price_item_title\"><span>COMUNA + FIJO<\/span><\/h3><div class=\"sc_price_item_image\"><img loading=\"lazy\" decoding=\"async\" src=\"https:\/\/relleutelecom.com\/macarova\/wp-content\/uploads\/2019\/05\/inet-fijo.jpg\" alt=\"sc-icons-image\" width=\"217\" height=\"58\"><\/div><div class=\"sc_price_item_details\"><ul class=\"trx_addons_list_success\">\n \t<li>50 Mb bajada<\/li>\n \t<li>25 Mb subida<\/li>\n \t<li>Sin l\u00edmite de descarga<\/li>\n \t<li>Fijo 2000\/500 minutos fijo\/m\u00f3vil nacional<\/li>\n \t<li>Combinable con Fijo Zona A, B o Fijo Total<\/li>\n \t<li>Sin establecimiento llamada<\/li>\n<\/ul><\/div><div class=\"sc_price_item_info\"><div class=\"sc_price_item_price\"><span class=\"sc_price_item_price_value\">39,90\u20ac<\/span><span class=\"sc_price_item_price_after\">iva incluido<\/span><\/div><a href=\"\/macarova\/solicitar\/\" class=\"sc_price_item_link sc_button\" target=\"_blank\">\u00a1LO QUIERO!<\/a><\/div><!-- \/.sc_price_item_info --><\/div><\/div><div class=\"trx_addons_column-1_3\"><div class=\"sc_price_item sc_price_item_default\">\n\t\t\t<h6 class=\"sc_price_item_subtitle\"><span>La equilibrada<\/span><\/h6><h3 class=\"sc_price_item_title\"><span>LLARGUETA + FIJO<\/span><\/h3><div class=\"sc_price_item_image\"><img loading=\"lazy\" decoding=\"async\" src=\"https:\/\/relleutelecom.com\/macarova\/wp-content\/uploads\/2019\/05\/inet-fijo.jpg\" alt=\"sc-icons-image\" width=\"217\" height=\"58\"><\/div><div class=\"sc_price_item_details\"><ul class=\"trx_addons_list_success\">\n \t<li>60 Mb bajada<\/li>\n \t<li>30 Mb subida<\/li>\n \t<li>Sin l\u00edmite de descarga<\/li>\n \t<li>Fijo 2000\/500 minutos fijo\/m\u00f3vil nacional<\/li>\n \t<li>Combinable con Fijo Zona A, B o Fijo Total<\/li>\n \t<li>Sin establecimiento llamada<\/li>\n<\/ul><\/div><div class=\"sc_price_item_info\"><div class=\"sc_price_item_price\"><span class=\"sc_price_item_price_value\">44,90\u20ac<\/span><span class=\"sc_price_item_price_after\">iva incluido<\/span><\/div><a href=\"\/macarova\/solicitar\/\" class=\"sc_price_item_link sc_button\" target=\"_blank\">\u00a1LO QUIERO!<\/a><\/div><!-- \/.sc_price_item_info --><\/div><\/div><div class=\"trx_addons_column-1_3\"><div class=\"sc_price_item sc_price_item_default\">\n\t\t\t<h6 class=\"sc_price_item_subtitle\"><span>La familiar<\/span><\/h6><h3 class=\"sc_price_item_title\"><span>CASTELLET + FIJO<\/span><\/h3><div class=\"sc_price_item_image\"><img loading=\"lazy\" decoding=\"async\" src=\"https:\/\/relleutelecom.com\/macarova\/wp-content\/uploads\/2019\/05\/inet-fijo.jpg\" alt=\"sc-icons-image\" width=\"217\" height=\"58\"><\/div><div class=\"sc_price_item_details\"><ul class=\"trx_addons_list_success\">\n \t<li>70 Mb bajada<\/li>\n \t<li>35 Mb subida<\/li>\n \t<li>Sin l\u00edmite de descarga<\/li>\n \t<li>Fijo 2000\/500 minutos fijo\/m\u00f3vil nacional<\/li>\n \t<li>Combinable con Fijo Zona A, B o Fijo Total<\/li>\n \t<li>Sin establecimiento llamada<\/li>\n<\/ul><\/div><div class=\"sc_price_item_info\"><div class=\"sc_price_item_price\"><span class=\"sc_price_item_price_value\">49,90\u20ac<\/span><span class=\"sc_price_item_price_after\">iva incluido<\/span><\/div><a href=\"\/macarova\/solicitar\/\" class=\"sc_price_item_link sc_button\" target=\"_blank\">\u00a1LO QUIERO!<\/a><\/div><!-- \/.sc_price_item_info --><\/div><\/div><\/div><\/div><!-- \/.sc_price -->[vc_empty_space height=\u00bb2.5em\u00bb alter_height=\u00bbnone\u00bb hide_on_desktop=\u00bb\u00bb hide_on_notebook=\u00bb\u00bb hide_on_tablet=\u00bb\u00bb hide_on_mobile=\u00bb\u00bb][\/vc_tta_section][vc_tta_section title=\u00bbInternet + Fijo + M\u00f3vil\u00bb tab_id=\u00bb1559404104344-f9d4f4c3-1b8f\u00bb][vc_empty_space height=\u00bb2.5em\u00bb alter_height=\u00bbnone\u00bb hide_on_desktop=\u00bb\u00bb hide_on_notebook=\u00bb\u00bb hide_on_tablet=\u00bb\u00bb hide_on_mobile=\u00bb\u00bb]<div  id=\"sc_price_2076585865\" \n\tclass=\"sc_price color_style_default sc_price_default\"><div class=\"sc_price_columns_wrap sc_item_columns trx_addons_columns_wrap columns_padding_bottom\"><div class=\"trx_addons_column-1_3\"><div class=\"sc_price_item sc_price_item_default\">\n\t\t\t<h6 class=\"sc_price_item_subtitle\"><span>La b\u00e1sica<\/span><\/h6><h3 class=\"sc_price_item_title\"><span>COMUNA + FIJO + M\u00d3VIL<\/span><\/h3><div class=\"sc_price_item_image\"><img loading=\"lazy\" decoding=\"async\" src=\"https:\/\/relleutelecom.com\/macarova\/wp-content\/uploads\/2019\/05\/inet-fijo-movil.jpg\" alt=\"sc-icons-image\" width=\"217\" height=\"58\"><\/div><div class=\"sc_price_item_details\"><ul class=\"trx_addons_list_success\">\n \t<li>50 Mb de bajada<\/li>\n \t<li>25 Mb de subida<\/li>\n        <li>Sin limite de descarga<\/li>\n \t<li>Fijo 2000\/500 minutos fijo\/m\u00f3vil nacional<\/li>\n \t<li>Combinable con Fijo Zona A, B o Fijo Total<\/li>\n \t<li>Llamadas ilimitadas a fijos y m\u00f3viles nacionales<\/li>\n \t<li>40 Gb datos m\u00f3viles<\/li>\n \t<li>2\u00aa L\u00ednea con 40 Gb + 5 \u20ac<\/li>\n<\/ul><\/div><div class=\"sc_price_item_info\"><div class=\"sc_price_item_price\"><span class=\"sc_price_item_price_value\">44,90\u20ac<\/span><span class=\"sc_price_item_price_after\">iva incluido<\/span><\/div><a href=\"\/macarova\/solicitar\/\" class=\"sc_price_item_link sc_button\" target=\"_blank\">\u00a1LO QUIERO!<\/a><\/div><!-- \/.sc_price_item_info --><\/div><\/div><div class=\"trx_addons_column-1_3\"><div class=\"sc_price_item sc_price_item_default\">\n\t\t\t<h6 class=\"sc_price_item_subtitle\"><span>La recomendada<\/span><\/h6><h3 class=\"sc_price_item_title\"><span>LLARGUETA + FIJO + M\u00d3VIL<\/span><\/h3><div class=\"sc_price_item_image\"><img loading=\"lazy\" decoding=\"async\" src=\"https:\/\/relleutelecom.com\/macarova\/wp-content\/uploads\/2019\/05\/inet-fijo-movil.jpg\" alt=\"sc-icons-image\" width=\"217\" height=\"58\"><\/div><div class=\"sc_price_item_details\"><ul class=\"trx_addons_list_success\">\n \t<li>60 Mb de bajada<\/li>\n \t<li>30 Mb de subida<\/li>\n        <li>Sin limite de descarga<\/li>\n \t<li>Fijo 2000\/500 minutos fijo\/m\u00f3vil nacional<\/li>\n \t<li>Combinable con Fijo Zona A, B o Fijo Total<\/li>\n \t<li>Llamadas ilimitadas a fijos y m\u00f3viles nacionales<\/li>\n \t<li>80 Gb datos m\u00f3viles<\/li>\n \t<li>2\u00aa L\u00ednea con 40 Gb + 5 \u20ac<\/li>\n<\/ul><\/div><div class=\"sc_price_item_info\"><div class=\"sc_price_item_price\"><span class=\"sc_price_item_price_value\">49,90\u20ac<\/span><span class=\"sc_price_item_price_after\">iva incluido<\/span><\/div><a href=\"\/macarova\/solicitar\/\" class=\"sc_price_item_link sc_button\" target=\"_blank\">\u00a1LO QUIERO!<\/a><\/div><!-- \/.sc_price_item_info --><\/div><\/div><div class=\"trx_addons_column-1_3\"><div class=\"sc_price_item sc_price_item_default\">\n\t\t\t<h6 class=\"sc_price_item_subtitle\"><span>La top<\/span><\/h6><h3 class=\"sc_price_item_title\"><span>CASTELLET + FIJO + M\u00d3VIL<\/span><\/h3><div class=\"sc_price_item_image\"><img loading=\"lazy\" decoding=\"async\" src=\"https:\/\/relleutelecom.com\/macarova\/wp-content\/uploads\/2019\/05\/inet-fijo-movil.jpg\" alt=\"sc-icons-image\" width=\"217\" height=\"58\"><\/div><div class=\"sc_price_item_details\"><ul class=\"trx_addons_list_success\">\n \t<li>70 Mb de bajada<\/li>\n \t<li>35 Mb de subida<\/li>\n \t<li>Fijo 2000\/500 minutos fijo\/m\u00f3vil nacional<\/li>\n \t<li>Combinable con Fijo Zona A, B o Fijo Total<\/li>\n \t<li>Llamadas ilimitadas a fijos y m\u00f3viles nacionales<\/li>\n \t<li>80 Gb datos m\u00f3viles<\/li>\n \t<li>2\u00aa L\u00ednea con 40 Gb + 5 \u20ac<\/li>\n<\/ul><\/div><div class=\"sc_price_item_info\"><div class=\"sc_price_item_price\"><span class=\"sc_price_item_price_value\">54,90\u20ac<\/span><span class=\"sc_price_item_price_after\">iva incluido<\/span><\/div><a href=\"\/macarova\/solicitar\/\" class=\"sc_price_item_link sc_button\" target=\"_blank\">\u00a1LO QUIERO!<\/a><\/div><!-- \/.sc_price_item_info --><\/div><\/div><\/div><\/div><!-- \/.sc_price -->[vc_empty_space height=\u00bb2.5em\u00bb alter_height=\u00bbnone\u00bb hide_on_desktop=\u00bb\u00bb hide_on_notebook=\u00bb\u00bb hide_on_tablet=\u00bb\u00bb hide_on_mobile=\u00bb\u00bb][\/vc_tta_section][vc_tta_section title=\u00bbInternet + M\u00f3vil\u00bb tab_id=\u00bb1559404130319-d60ec28c-3db7&#8243;][vc_empty_space height=\u00bb2.5em\u00bb alter_height=\u00bbnone\u00bb hide_on_desktop=\u00bb\u00bb hide_on_notebook=\u00bb\u00bb hide_on_tablet=\u00bb\u00bb hide_on_mobile=\u00bb\u00bb]<div  id=\"sc_price_1419035053\" \n\tclass=\"sc_price color_style_default sc_price_default\"><div class=\"sc_price_columns_wrap sc_item_columns trx_addons_columns_wrap columns_padding_bottom\"><div class=\"trx_addons_column-1_3\"><div class=\"sc_price_item sc_price_item_default\">\n\t\t\t<h6 class=\"sc_price_item_subtitle\"><span>50\/25 Mb + 40 Gb<\/span><\/h6><h3 class=\"sc_price_item_title\"><span>COMUNA + M\u00d3VIL<\/span><\/h3><div class=\"sc_price_item_image\"><img loading=\"lazy\" decoding=\"async\" src=\"https:\/\/relleutelecom.com\/macarova\/wp-content\/uploads\/2019\/06\/inte-movil.jpg\" alt=\"sc-icons-image\" width=\"217\" height=\"58\"><\/div><div class=\"sc_price_item_details\"><ul class=\"trx_addons_list_success\">\n \t<li>50 Mb bajada<\/li>\n \t<li>25 Mb subida<\/li>\n        <li>Sin limite de descarga<\/li>\n \t<li>Llamadas ilimitadas a fijos y m\u00f3viles nacionales<\/li>\n \t<li>40 Gb datos m\u00f3viles<\/li>\n<\/ul><\/div><div class=\"sc_price_item_info\"><div class=\"sc_price_item_price\"><span class=\"sc_price_item_price_value\">39,90\u20ac<\/span><span class=\"sc_price_item_price_after\">iva incluido<\/span><\/div><a href=\"\/macarova\/solicitar\/\" class=\"sc_price_item_link sc_button\" target=\"_blank\">\u00a1LO QUIERO!<\/a><\/div><!-- \/.sc_price_item_info --><\/div><\/div><div class=\"trx_addons_column-1_3\"><div class=\"sc_price_item sc_price_item_default\">\n\t\t\t<h6 class=\"sc_price_item_subtitle\"><span>60\/30 Mb + 80 Gb<\/span><\/h6><h3 class=\"sc_price_item_title\"><span>LLARGUETA + M\u00d3VIL<\/span><\/h3><div class=\"sc_price_item_image\"><img loading=\"lazy\" decoding=\"async\" src=\"https:\/\/relleutelecom.com\/macarova\/wp-content\/uploads\/2019\/06\/inte-movil.jpg\" alt=\"sc-icons-image\" width=\"217\" height=\"58\"><\/div><div class=\"sc_price_item_details\"><ul class=\"trx_addons_list_success\">\n \t<li>60 Mb bajada<\/li>\n \t<li>30 Mb subida<\/li>\n        <li>Sin limite de descarga<\/li>\n \t<li>Llamadas ilimitadas a fijos y m\u00f3viles nacionales<\/li>\n \t<li>80 Gb datos m\u00f3viles<\/li>\n<\/ul><\/div><div class=\"sc_price_item_info\"><div class=\"sc_price_item_price\"><span class=\"sc_price_item_price_value\">44,90\u20ac<\/span><span class=\"sc_price_item_price_after\">iva incluido<\/span><\/div><a href=\"\/macarova\/solicitar\/\" class=\"sc_price_item_link sc_button\" target=\"_blank\">\u00a1LO QUIERO!<\/a><\/div><!-- \/.sc_price_item_info --><\/div><\/div><div class=\"trx_addons_column-1_3\"><div class=\"sc_price_item sc_price_item_default\">\n\t\t\t<h6 class=\"sc_price_item_subtitle\"><span>70\/35 Mb + 80 Gb<\/span><\/h6><h3 class=\"sc_price_item_title\"><span>CASTELLET + M\u00d3VIL<\/span><\/h3><div class=\"sc_price_item_image\"><img loading=\"lazy\" decoding=\"async\" src=\"https:\/\/relleutelecom.com\/macarova\/wp-content\/uploads\/2019\/06\/inte-movil.jpg\" alt=\"sc-icons-image\" width=\"217\" height=\"58\"><\/div><div class=\"sc_price_item_details\"><ul class=\"trx_addons_list_success\">\n \t<li>70 Mb bajada<\/li>\n \t<li>35 Mb subida<\/li>\n        <li>Sin limite de descarga<\/li>\n        <li>Llamadas ilimitadas a fijos y m\u00f3viles nacionales<\/li>\n \t<li>80 Gb datos m\u00f3viles<\/li>\n<\/ul><\/div><div class=\"sc_price_item_info\"><div class=\"sc_price_item_price\"><span class=\"sc_price_item_price_value\">49,90\u20ac<\/span><span class=\"sc_price_item_price_after\">iva incluido<\/span><\/div><a href=\"\/macarova\/solicitar\/\" class=\"sc_price_item_link sc_button\" target=\"_blank\">\u00a1LO QUIERO!<\/a><\/div><!-- \/.sc_price_item_info --><\/div><\/div><\/div><\/div><!-- \/.sc_price --><div  id=\"sc_price_740105958\" \n\tclass=\"sc_price color_style_default sc_price_default\"><div class=\"sc_price_columns_wrap sc_item_columns trx_addons_columns_wrap columns_padding_bottom\"><div class=\"trx_addons_column-1_3\"><div class=\"sc_price_item sc_price_item_default\">\n\t\t\t<h6 class=\"sc_price_item_subtitle\"><span>50\/25 Mb + 32 Gb + 32 Gb<\/span><\/h6><h3 class=\"sc_price_item_title\"><span>COMUNA + 2 M\u00d3VILES<\/span><\/h3><div class=\"sc_price_item_image\"><img loading=\"lazy\" decoding=\"async\" src=\"https:\/\/relleutelecom.com\/macarova\/wp-content\/uploads\/2019\/05\/inet-2-moviles.jpg\" alt=\"sc-icons-image\" width=\"217\" height=\"58\"><\/div><div class=\"sc_price_item_details\"><ul class=\"trx_addons_list_success\">\n \t<li>50 Mb bajada<\/li>\n \t<li>25 Mb subida<\/li>\n        <li>Sin limite de descarga<\/li>\n \t<li>Llamadas ilimitadas a fijos y m\u00f3viles nacionales<\/li>\n \t<li>60 Gb datos m\u00f3viles por l\u00ednea<\/li>\n<\/ul><\/div><div class=\"sc_price_item_info\"><div class=\"sc_price_item_price\"><span class=\"sc_price_item_price_value\">44,90\u20ac<\/span><span class=\"sc_price_item_price_after\">iva incluido<\/span><\/div><a href=\"\/macarova\/solicitar\/\" class=\"sc_price_item_link sc_button\" target=\"_blank\">\u00a1LO QUIERO!<\/a><\/div><!-- \/.sc_price_item_info --><\/div><\/div><div class=\"trx_addons_column-1_3\"><div class=\"sc_price_item sc_price_item_default\">\n\t\t\t<h6 class=\"sc_price_item_subtitle\"><span>60\/30 Mb + 32 Gb + 32 Gb<\/span><\/h6><h3 class=\"sc_price_item_title\"><span>LLARGUETA + 2 M\u00d3VILES<\/span><\/h3><div class=\"sc_price_item_image\"><img loading=\"lazy\" decoding=\"async\" src=\"https:\/\/relleutelecom.com\/macarova\/wp-content\/uploads\/2019\/05\/inet-2-moviles.jpg\" alt=\"sc-icons-image\" width=\"217\" height=\"58\"><\/div><div class=\"sc_price_item_details\"><ul class=\"trx_addons_list_success\">\n \t<li>60 Mb bajada<\/li>\n \t<li>30 Mb subida<\/li>\n        <li>Sin limite de descarga<\/li>\n \t<li>Llamadas ilimitadas a fijos y m\u00f3viles nacionales<\/li>\n \t<li>80 Gb datos m\u00f3viles por l\u00ednea<\/li>\n<\/ul><\/div><div class=\"sc_price_item_info\"><div class=\"sc_price_item_price\"><span class=\"sc_price_item_price_value\">49,90\u20ac<\/span><span class=\"sc_price_item_price_after\">iva incluido<\/span><\/div><a href=\"\/macarova\/solicitar\/\" class=\"sc_price_item_link sc_button\" target=\"_blank\">\u00a1LO QUIERO!<\/a><\/div><!-- \/.sc_price_item_info --><\/div><\/div><div class=\"trx_addons_column-1_3\"><div class=\"sc_price_item sc_price_item_default\">\n\t\t\t<h6 class=\"sc_price_item_subtitle\"><span>70\/35 Mb + 120 Gb + 120 Gb<\/span><\/h6><h3 class=\"sc_price_item_title\"><span>CASTELLET + 2 M\u00d3VILES<\/span><\/h3><div class=\"sc_price_item_image\"><img loading=\"lazy\" decoding=\"async\" src=\"https:\/\/relleutelecom.com\/macarova\/wp-content\/uploads\/2019\/05\/inet-2-moviles.jpg\" alt=\"sc-icons-image\" width=\"217\" height=\"58\"><\/div><div class=\"sc_price_item_details\"><ul class=\"trx_addons_list_success\">\n \t<li>70 Mb bajada<\/li>\n \t<li>35 Mb subida<\/li>\n        <li>Sin limite de descarga<\/li>\n \t<li>Llamadas ilimitadas a fijos y m\u00f3viles nacionales<\/li>\n \t<li>120 Gb datos m\u00f3viles por l\u00ednea<\/li>\n<\/ul><\/div><div class=\"sc_price_item_info\"><div class=\"sc_price_item_price\"><span class=\"sc_price_item_price_value\">59,90\u20ac<\/span><span class=\"sc_price_item_price_after\">iva incluido<\/span><\/div><a href=\"\/macarova\/solicitar\/\" class=\"sc_price_item_link sc_button\" target=\"_blank\">\u00a1LO QUIERO!<\/a><\/div><!-- \/.sc_price_item_info --><\/div><\/div><\/div><\/div><!-- \/.sc_price -->[vc_empty_space height=\u00bb2.5em\u00bb alter_height=\u00bbnone\u00bb hide_on_desktop=\u00bb\u00bb hide_on_notebook=\u00bb\u00bb hide_on_tablet=\u00bb\u00bb hide_on_mobile=\u00bb\u00bb][\/vc_tta_section][\/vc_tta_tabs][vc_tta_accordion c_icon=\u00bb\u00bb active_section=\u00bb565&#8243; no_fill=\u00bbtrue\u00bb collapsible_all=\u00bbtrue\u00bb][vc_tta_section title=\u00bbCaracter\u00edsticas Internet\u00bb tab_id=\u00bb1559407089504-4b321b9a-e18f\u00bb][vc_column_text]<\/p>\n<ul>\n<li><strong>Instalaci\u00f3n sencilla<\/strong>, s\u00f3lo un peque\u00f1o receptor en el m\u00e1stil de la antena de TV o punto m\u00e1s cercano a donde quieras la conexi\u00f3n, y un router WiFi.<\/li>\n<li><strong>Baja latencia<\/strong>, velocidad real, juega y navega a la velocidad contratada.<\/li>\n<li>Si tienes l\u00ednea ADSL puedes hacer dos cosas, conservarla o darla de baja, <strong>no necesitas<\/strong> nada de esto para estar con Relleu Telecom.<\/li>\n<li>Servicio de <strong>IP fija<\/strong>, si necesitas una IP fija, te la proporcionamos por 6\u20ac al mes.<\/li>\n<li><strong>Sin Permanencia<\/strong>, trabajamos para que te quedes por nuestra calidad.<\/li>\n<li><strong>Servicio independiente<\/strong>, no dependemos del estado de la l\u00ednea telef\u00f3nica convencional, somos libres de poder subir las velocidades.<\/li>\n<li>Mantenimiento de antena <strong>gratuito<\/strong>, si se estropea, te la cambiamos sin coste.<\/li>\n<li><strong>Servicio de vacaciones<\/strong>, si no vas a estar durante alg\u00fan tiempo, no te damos de baja, suspendemos el servicio pagando s\u00f3lo 0,23\u20ac al d\u00eda, cuando vuelvas, te lo reactivamos sin coste.<\/li>\n<li>Dep\u00f3sito por instalaci\u00f3n combinado 60\u20ac (no aplicable a altas en comunidades de vecinos)<\/li>\n<li>Precios iva incluido<\/li>\n<\/ul>\n<p>[\/vc_column_text][\/vc_tta_section][vc_tta_section title=\u00bbCaracter\u00edsticas tel\u00e9fono fijo\u00bb tab_id=\u00bb1559407089555-90595060-574d\u00bb][vc_column_text]<\/p>\n<ul>\n<li><strong>Portabilidad gratuita<\/strong>, trae tu n\u00famero de siempre o te ponemos uno nuevo.<\/li>\n<li><strong>Sin establecimiento<\/strong> de llamada.<\/li>\n<li>Excedido el plan se <strong>tarificar\u00e1 por segundos.<\/strong><\/li>\n<li>Precio por segundo una vez excedido el bono: 0,02 \u20ac a fijos \/ 0,06 \u20ac a m\u00f3viles. (n\u00fameros espa\u00f1oles)<\/li>\n<li>Precios iva incluido<\/li>\n<li>Consulta todas nuestras tarifas precio por minuto <a href=\"http:\/\/www.relleutelecom.com\/macarova\/PDF\/tarifas_internacionales_fijo.pdf\" target=\"_blank\" rel=\"noopener noreferrer\"><span style=\"color: #99cc00;\"><strong>AQU\u00cd<\/strong><\/span><\/a><\/li>\n<\/ul>\n<p>[\/vc_column_text][\/vc_tta_section][vc_tta_section title=\u00bbCaracter\u00edsticas tel\u00e9fono m\u00f3vil\u00bb tab_id=\u00bb1559407526245-36d29159-4d64&#8243;][vc_column_text]<\/p>\n<ul>\n<li>El <strong>servicio<\/strong> de telefon\u00eda m\u00f3vil de Relleu Telecom es <strong>INTERNACIONAL<\/strong>, lo mismo puedes usar tu m\u00f3vil en la<strong> Marina Baixa<\/strong>, que en <strong>Mosc\u00fa<\/strong>, que en <strong>Oviedo<\/strong>, usamos la red <strong>4G de Vodafone o Movistar<\/strong><\/li>\n<li><strong>Portabilidad<\/strong> de tu n\u00famero.<\/li>\n<li>Las l\u00edneas m\u00f3viles de los combinados utilizan cobertura Vodafone, para cobertura Movistar conlleva un suplemento de +2\u20ac \/l\u00ednea<\/li>\n<li>Una vez agotados tus datos, puedes contratar un bono de megas o navegar<br \/>\na 64 Kbps <strong>cortes\u00eda de Relleu Telecom<\/strong> \ud83d\ude42<\/li>\n<li>Precios iva incluido<\/li>\n<\/ul>\n<p>[\/vc_column_text][\/vc_tta_section][vc_tta_section title=\u00bbDescarga de tarifas en PDF\u00bb tab_id=\u00bb1578144791815-552f821c-a741&#8243;]<div class=\"sc_item_button sc_button_wrap sc_align_left\"><a href=\"\/macarova\/PDF\/TARIFAS_GENERALES_2021.pdf\" id=\"sc_button_1451770779\" class=\"sc_button color_style_default sc_button_default sc_button_size_normal sc_button_icon_left\" target=\"_blank\"><span class=\"sc_button_text sc_align_center\"><span class=\"sc_button_title\">VERSI\u00d3N ESPA\u00d1OL<\/span><\/span><!-- \/.sc_button_text --><\/a><!-- \/.sc_button --><\/div><!-- \/.sc_item_button -->[\/vc_tta_section][\/vc_tta_accordion][\/vc_column][\/vc_row]<\/p>\n","protected":false},"excerpt":{"rendered":"<p>[vc_row][vc_column width=\u00bb1\/6&#8243; offset=\u00bbvc_hidden-sm vc_hidden-xs\u00bb][\/vc_column][vc_column offset=\u00bbvc_col-lg-8 vc_col-md-8 vc_col-xs-12&#8243;][vc_column_text] Hemos creado unos packs para ayudarte a ahorrar&hellip;<\/p>\n","protected":false},"author":1,"featured_media":0,"parent":0,"menu_order":0,"comment_status":"closed","ping_status":"closed","template":"","meta":{"footnotes":""},"_links":{"self":[{"href":"https:\/\/relleutelecom.com\/macarova\/wp-json\/wp\/v2\/pages\/2056"}],"collection":[{"href":"https:\/\/relleutelecom.com\/macarova\/wp-json\/wp\/v2\/pages"}],"about":[{"href":"https:\/\/relleutelecom.com\/macarova\/wp-json\/wp\/v2\/types\/page"}],"author":[{"embeddable":true,"href":"https:\/\/relleutelecom.com\/macarova\/wp-json\/wp\/v2\/users\/1"}],"replies":[{"embeddable":true,"href":"https:\/\/relleutelecom.com\/macarova\/wp-json\/wp\/v2\/comments?post=2056"}],"version-history":[{"count":151,"href":"https:\/\/relleutelecom.com\/macarova\/wp-json\/wp\/v2\/pages\/2056\/revisions"}],"predecessor-version":[{"id":3680,"href":"https:\/\/relleutelecom.com\/macarova\/wp-json\/wp\/v2\/pages\/2056\/revisions\/3680"}],"wp:attachment":[{"href":"https:\/\/relleutelecom.com\/macarova\/wp-json\/wp\/v2\/media?parent=2056"}],"curies":[{"name":"wp","href":"https:\/\/api.w.org\/{rel}","templated":true}]}}