{"id":1950,"date":"2019-05-31T21:59:41","date_gmt":"2019-05-31T19:59:41","guid":{"rendered":"http:\/\/relleutelecom.com\/macarova\/?page_id=1950"},"modified":"2021-04-27T23:45:46","modified_gmt":"2021-04-27T21:45:46","slug":"telefonia-fija","status":"publish","type":"page","link":"https:\/\/relleutelecom.com\/macarova\/telefonia-fija\/","title":{"rendered":"Telefon\u00eda fija"},"content":{"rendered":"<p>[vc_row][vc_column width=\u00bb1\/6&#8243; offset=\u00bbvc_hidden-sm vc_hidden-xs\u00bb][\/vc_column][vc_column offset=\u00bbvc_col-lg-8 vc_col-md-8 vc_col-xs-12&#8243;][vc_column_text]<\/p>\n<p style=\"text-align: center;\">Tel\u00e9fono fijo, s\u00ed <strong>s\u00f3lo necesitas tel\u00e9fono<\/strong>, \u00a1tambi\u00e9n te lo proporcionamos! consulta nuestras tarifas.<\/p>\n<p>[\/vc_column_text][vc_empty_space height=\u00bb2.85em\u00bb alter_height=\u00bbnone\u00bb hide_on_desktop=\u00bb\u00bb hide_on_notebook=\u00bb\u00bb hide_on_tablet=\u00bb\u00bb hide_on_mobile=\u00bb\u00bb][vc_empty_space height=\u00bb2.85em\u00bb alter_height=\u00bbnone\u00bb hide_on_desktop=\u00bb\u00bb hide_on_notebook=\u00bb\u00bb hide_on_tablet=\u00bb1&#8243; hide_on_mobile=\u00bb1&#8243;][\/vc_column][vc_column width=\u00bb1\/6&#8243; offset=\u00bbvc_hidden-sm vc_hidden-xs\u00bb][\/vc_column][\/vc_row][vc_row][vc_column]<div  id=\"sc_price_1405702896\" \n\tclass=\"sc_price color_style_default sc_price_default\"><div class=\"sc_price_columns_wrap sc_item_columns trx_addons_columns_wrap columns_padding_bottom\"><div class=\"trx_addons_column-1_3\"><div class=\"sc_price_item sc_price_item_default\">\n\t\t\t<h6 class=\"sc_price_item_subtitle\"><span>Tarifa plana<\/span><\/h6><h3 class=\"sc_price_item_title\"><span>FIJO NACIONAL<\/span><\/h3><div class=\"sc_price_item_image\"><img loading=\"lazy\" decoding=\"async\" src=\"https:\/\/relleutelecom.com\/macarova\/wp-content\/uploads\/2019\/05\/fijo.jpg\" alt=\"sc-icons-image\" width=\"217\" height=\"58\"><\/div><div class=\"sc_price_item_details\"><ul class=\"trx_addons_list_success\">\n \t<li>2000 minutos a fijos nacionales<\/li>\n \t<li>500 minutos a m\u00f3viles nacionales<\/li>\n \t<li>Portabilidad de tu n\u00famero<\/li>\n \t<li>Telefon\u00eda IP<\/li>\n<\/ul><\/div><div class=\"sc_price_item_info\"><div class=\"sc_price_item_price\"><span class=\"sc_price_item_price_value\">14,90\u20ac<\/span><span class=\"sc_price_item_price_after\">iva incluido<\/span><\/div><a href=\"\/macarova\/solicitar\/\" class=\"sc_price_item_link sc_button\" target=\"_blank\">\u00a1LO QUIERO!<\/a><\/div><!-- \/.sc_price_item_info --><\/div><\/div><div class=\"trx_addons_column-1_3\"><div class=\"sc_price_item sc_price_item_default\">\n\t\t\t<h6 class=\"sc_price_item_subtitle\"><span>TARIFA PLANA INTERNACIONAL<\/span><\/h6><h3 class=\"sc_price_item_title\"><span>FIJO ZONA A<\/span><\/h3><div class=\"sc_price_item_image\"><img loading=\"lazy\" decoding=\"async\" src=\"https:\/\/relleutelecom.com\/macarova\/wp-content\/uploads\/2019\/06\/fijo_internacional.jpg\" alt=\"sc-icons-image\" width=\"217\" height=\"58\"><\/div><div class=\"sc_price_item_details\"><ul class=\"trx_addons_list_success\">\n \t<li>1000 minutos a fijos Zona A<\/li>\n \t<li>Llamadas nacionales seg\u00fan consumo<\/li>\n \t<li>Portabilidad de tu n\u00famero<\/li>\n \t<li>Telefon\u00eda IP<\/li>\n<\/ul><\/div><div class=\"sc_price_item_info\"><div class=\"sc_price_item_price\"><span class=\"sc_price_item_price_value\">14,90\u20ac<\/span><span class=\"sc_price_item_price_after\">iva incluido<\/span><\/div><a href=\"\/macarova\/solicitar\/\" class=\"sc_price_item_link sc_button\" target=\"_blank\">\u00a1LO QUIERO!<\/a><\/div><!-- \/.sc_price_item_info --><\/div><\/div><div class=\"trx_addons_column-1_3\"><div class=\"sc_price_item sc_price_item_default\">\n\t\t\t<h6 class=\"sc_price_item_subtitle\"><span>TARIFA PLANA INTERNACIONAL<\/span><\/h6><h3 class=\"sc_price_item_title\"><span>FIJO ZONA B<\/span><\/h3><div class=\"sc_price_item_image\"><img loading=\"lazy\" decoding=\"async\" src=\"https:\/\/relleutelecom.com\/macarova\/wp-content\/uploads\/2019\/06\/fijo_internacional.jpg\" alt=\"sc-icons-image\" width=\"217\" height=\"58\"><\/div><div class=\"sc_price_item_details\"><ul class=\"trx_addons_list_success\">\n \t<li>1000 minutos a fijos Zona B<\/li>\n \t<li>Llamadas nacionales seg\u00fan consumo<\/li>\n \t<li>Portabilidad de tu n\u00famero<\/li>\n \t<li>Telefon\u00eda IP<\/li>\n<\/ul><\/div><div class=\"sc_price_item_info\"><div class=\"sc_price_item_price\"><span class=\"sc_price_item_price_value\">14,90\u20ac<\/span><span class=\"sc_price_item_price_after\">iva incluido<\/span><\/div><a href=\"\/macarova\/solicitar\/\" class=\"sc_price_item_link sc_button\" target=\"_blank\">\u00a1LO QUIERO!<\/a><\/div><!-- \/.sc_price_item_info --><\/div><\/div><\/div><\/div><!-- \/.sc_price --><div  id=\"sc_price_32240938\" \n\tclass=\"sc_price color_style_default sc_price_default\"><div class=\"sc_price_columns_wrap sc_item_columns trx_addons_columns_wrap columns_padding_bottom\"><div class=\"trx_addons_column-1_2\"><div class=\"sc_price_item sc_price_item_default\">\n\t\t\t<h6 class=\"sc_price_item_subtitle\"><span>Tarifa plana total<\/span><\/h6><h3 class=\"sc_price_item_title\"><span>FIJO TOTAL<\/span><\/h3><div class=\"sc_price_item_image\"><img loading=\"lazy\" decoding=\"async\" src=\"https:\/\/relleutelecom.com\/macarova\/wp-content\/uploads\/2019\/06\/fijo_internacional.jpg\" alt=\"sc-icons-image\" width=\"217\" height=\"58\"><\/div><div class=\"sc_price_item_details\"><ul class=\"trx_addons_list_success\">\n \t<li>1500 minutos a repartir entre<\/li>\n \t<li>Fijos nacionales<\/li>\n \t<li>M\u00f3viles nacionales<\/li>\n \t<li>Fijos Zona A<\/li>\n \t<li>Telefon\u00eda IP<\/li>\n<\/ul><\/div><div class=\"sc_price_item_info\"><div class=\"sc_price_item_price\"><span class=\"sc_price_item_price_value\">19,90\u20ac<\/span><span class=\"sc_price_item_price_after\">iva incluido<\/span><\/div><a href=\"\/macarova\/solicitar\/\" class=\"sc_price_item_link sc_button\" target=\"_blank\">\u00a1LO QUIERO!<\/a><\/div><!-- \/.sc_price_item_info --><\/div><\/div><div class=\"trx_addons_column-1_2\"><div class=\"sc_price_item sc_price_item_default\">\n\t\t\t<h6 class=\"sc_price_item_subtitle\"><span>TARIFA PLANA INTERNACIONAL MAX<\/span><\/h6><h3 class=\"sc_price_item_title\"><span>FIJO MAX<\/span><\/h3><div class=\"sc_price_item_image\"><img loading=\"lazy\" decoding=\"async\" src=\"https:\/\/relleutelecom.com\/macarova\/wp-content\/uploads\/2019\/06\/fijo_internacional.jpg\" alt=\"sc-icons-image\" width=\"217\" height=\"58\"><\/div><div class=\"sc_price_item_details\"><ul class=\"trx_addons_list_success\">\n \t<li>5000 minutos a repartir entre<\/li>\n \t<li>Fijos nacionales<\/li>\n \t<li>M\u00f3viles nacionales<\/li>\n \t<li>Fijos Zona A<\/li>\n \t<li>Telefon\u00eda IP<\/li>\n<\/ul><\/div><div class=\"sc_price_item_info\"><div class=\"sc_price_item_price\"><span class=\"sc_price_item_price_value\">24,90\u20ac<\/span><span class=\"sc_price_item_price_after\">iva incluido<\/span><\/div><a href=\"\/macarova\/solicitar\/\" class=\"sc_price_item_link sc_button\" target=\"_blank\">\u00a1LO QUIERO!<\/a><\/div><!-- \/.sc_price_item_info --><\/div><\/div><\/div><\/div><!-- \/.sc_price -->[vc_empty_space height=\u00bb2.5em\u00bb alter_height=\u00bbnone\u00bb hide_on_desktop=\u00bb\u00bb hide_on_notebook=\u00bb\u00bb hide_on_tablet=\u00bb\u00bb hide_on_mobile=\u00bb\u00bb][vc_empty_space height=\u00bb2.5em\u00bb alter_height=\u00bbnone\u00bb hide_on_desktop=\u00bb\u00bb hide_on_notebook=\u00bb\u00bb hide_on_tablet=\u00bb1&#8243; hide_on_mobile=\u00bb1&#8243;][\/vc_column][\/vc_row][vc_row full_width=\u00bbstretch_row\u00bb hide_bg_image_on_tablet=\u00bb\u00bb hide_bg_image_on_mobile=\u00bb\u00bb css=\u00bb.vc_custom_1559389307653{background-color: #f9f8f3 !important;}\u00bb][vc_column width=\u00bb1\/2&#8243;][vc_empty_space height=\u00bb2.5em\u00bb alter_height=\u00bbnone\u00bb hide_on_desktop=\u00bb\u00bb hide_on_notebook=\u00bb\u00bb hide_on_tablet=\u00bb\u00bb hide_on_mobile=\u00bb\u00bb][vc_column_text]<\/p>\n<ul>\n<li><strong>Pa\u00edses Zona A:<\/strong> Andorra, Argentina, B\u00e9lgica, Colombia, Gibraltar, Francia, Dinamarca, Alemania, Grecia, Irlanda, Islandia, Italia, M\u00e9xico, M\u00f3naco, Holanda, Noruega, Portugal, Suecia, Suiza, Reino Unido, Uruguay, Venezuela, EE.UU. Canad\u00e1.<\/li>\n<li><strong>Pa\u00edses Zona B:<\/strong> Argentina, Brasil, Chile, Colombia, Costa Rica, El Salvador, Guadalupe, M\u00e9xico, Per\u00fa, Rep\u00fablica Dominicana, Guatemala, Bolivia, Ecuador, Honduras, Nicaragua, Panam\u00e1, Paraguay, Uruguay, Venezuela.<\/li>\n<li>Consulta todas nuestras tarifas precio por minuto <span style=\"color: #99cc00;\"><a style=\"color: #99cc00;\" href=\"http:\/\/www.relleutelecom.com\/macarova\/PDF\/tarifas_internacionales_fijo.pdf\" target=\"_blank\" rel=\"noopener noreferrer\"><strong>AQU\u00cd<\/strong><\/a><\/span><\/li>\n<\/ul>\n<p>[\/vc_column_text][vc_empty_space height=\u00bb2.5em\u00bb alter_height=\u00bbnone\u00bb hide_on_desktop=\u00bb\u00bb hide_on_notebook=\u00bb\u00bb hide_on_tablet=\u00bb\u00bb hide_on_mobile=\u00bb\u00bb][\/vc_column][vc_column width=\u00bb1\/2&#8243;][vc_empty_space height=\u00bb2.5em\u00bb alter_height=\u00bbnone\u00bb hide_on_desktop=\u00bb\u00bb hide_on_notebook=\u00bb\u00bb hide_on_tablet=\u00bb\u00bb hide_on_mobile=\u00bb\u00bb][vc_column_text]<\/p>\n<ul>\n<li><strong>Portabilidad gratuita<\/strong>, trae tu n\u00famero de siempre o te ponemos uno nuevo.<\/li>\n<li><strong>Sin establecimiento<\/strong> de llamada.<\/li>\n<li>Excedido el bono se <strong>tarificar\u00e1 por segundos.<\/strong><\/li>\n<li>Dep\u00f3sito por instalaci\u00f3n: 60\u20ac iva incluido.<\/li>\n<li>Precio por segundo una vez excedido el bono: 0,02 \u20ac a fijos \/ 0,06 \u20ac a m\u00f3viles. (n\u00fameros espa\u00f1oles)<\/li>\n<li>Precios iva inlcuido<\/li>\n<\/ul>\n<p>[\/vc_column_text][vc_empty_space height=\u00bb2.5em\u00bb alter_height=\u00bbnone\u00bb hide_on_desktop=\u00bb\u00bb hide_on_notebook=\u00bb\u00bb hide_on_tablet=\u00bb\u00bb hide_on_mobile=\u00bb\u00bb][\/vc_column][\/vc_row]<\/p>\n","protected":false},"excerpt":{"rendered":"<p>[vc_row][vc_column width=\u00bb1\/6&#8243; offset=\u00bbvc_hidden-sm vc_hidden-xs\u00bb][\/vc_column][vc_column offset=\u00bbvc_col-lg-8 vc_col-md-8 vc_col-xs-12&#8243;][vc_column_text] Tel\u00e9fono fijo, s\u00ed s\u00f3lo necesitas tel\u00e9fono, \u00a1tambi\u00e9n te&hellip;<\/p>\n","protected":false},"author":1,"featured_media":0,"parent":0,"menu_order":0,"comment_status":"closed","ping_status":"closed","template":"","meta":{"footnotes":""},"_links":{"self":[{"href":"https:\/\/relleutelecom.com\/macarova\/wp-json\/wp\/v2\/pages\/1950"}],"collection":[{"href":"https:\/\/relleutelecom.com\/macarova\/wp-json\/wp\/v2\/pages"}],"about":[{"href":"https:\/\/relleutelecom.com\/macarova\/wp-json\/wp\/v2\/types\/page"}],"author":[{"embeddable":true,"href":"https:\/\/relleutelecom.com\/macarova\/wp-json\/wp\/v2\/users\/1"}],"replies":[{"embeddable":true,"href":"https:\/\/relleutelecom.com\/macarova\/wp-json\/wp\/v2\/comments?post=1950"}],"version-history":[{"count":63,"href":"https:\/\/relleutelecom.com\/macarova\/wp-json\/wp\/v2\/pages\/1950\/revisions"}],"predecessor-version":[{"id":3032,"href":"https:\/\/relleutelecom.com\/macarova\/wp-json\/wp\/v2\/pages\/1950\/revisions\/3032"}],"wp:attachment":[{"href":"https:\/\/relleutelecom.com\/macarova\/wp-json\/wp\/v2\/media?parent=1950"}],"curies":[{"name":"wp","href":"https:\/\/api.w.org\/{rel}","templated":true}]}}