{"id":1948,"date":"2019-05-31T21:59:12","date_gmt":"2019-05-31T19:59:12","guid":{"rendered":"http:\/\/relleutelecom.com\/macarova\/?page_id=1948"},"modified":"2022-11-16T21:23:33","modified_gmt":"2022-11-16T20:23:33","slug":"fibra","status":"publish","type":"page","link":"https:\/\/relleutelecom.com\/macarova\/fibra\/","title":{"rendered":"Internet"},"content":{"rendered":"<p>[vc_row][vc_column width=\u00bb1\/6&#8243; offset=\u00bbvc_hidden-sm vc_hidden-xs\u00bb][\/vc_column][vc_column offset=\u00bbvc_col-lg-8 vc_col-md-8 vc_col-xs-12&#8243;][vc_column_text]<\/p>\n<p style=\"text-align: center;\">Con\u00e9ctate a internet a la medida de tus necesidades, tenemos opciones para todos los usos,<br \/>\nsi necesitas mas ancho de banda, <strong>\u00a1contacta con nosotros!<\/strong><\/p>\n<p style=\"text-align: center;\">Los <strong>nombres<\/strong> de nuestras tarifas estan inspirados<br \/>\nen <strong>almendras<\/strong> producidas en Relleu.<\/p>\n<p>[\/vc_column_text][vc_empty_space height=\u00bb2.85em\u00bb alter_height=\u00bbnone\u00bb hide_on_desktop=\u00bb\u00bb hide_on_notebook=\u00bb\u00bb hide_on_tablet=\u00bb\u00bb hide_on_mobile=\u00bb\u00bb][vc_empty_space height=\u00bb2.85em\u00bb alter_height=\u00bbnone\u00bb hide_on_desktop=\u00bb\u00bb hide_on_notebook=\u00bb\u00bb hide_on_tablet=\u00bb1&#8243; hide_on_mobile=\u00bb1&#8243;][\/vc_column][vc_column width=\u00bb1\/6&#8243; offset=\u00bbvc_hidden-sm vc_hidden-xs\u00bb][\/vc_column][\/vc_row][vc_row][vc_column]<div  id=\"sc_price_1259396744\" \n\tclass=\"sc_price color_style_default sc_price_default\"><div class=\"sc_price_columns_wrap sc_item_columns trx_addons_columns_wrap columns_padding_bottom\"><div class=\"trx_addons_column-1_3\"><div class=\"sc_price_item sc_price_item_default\">\n\t\t\t<h6 class=\"sc_price_item_subtitle\"><span>INTERNET B\u00c1SICO<\/span><\/h6><h3 class=\"sc_price_item_title\"><span>COMUNA<\/span><\/h3><div class=\"sc_price_item_image\"><img loading=\"lazy\" decoding=\"async\" src=\"https:\/\/relleutelecom.com\/macarova\/wp-content\/uploads\/2019\/05\/nube.jpg\" alt=\"sc-icons-image\" width=\"217\" height=\"58\"><\/div><div class=\"sc_price_item_details\"><ul class=\"trx_addons_list_success\">\n \t<li>50 Mb de bajada<\/li>\n \t<li>25 Mb de subida<\/li>\n \t<li>Sin l\u00edmite de descarga<\/li>\n \t<li>Baja latencia +\/- 19ms<\/li>\n \t<li>Ancho de banda real<\/li>\n<\/ul><\/div><div class=\"sc_price_item_info\"><div class=\"sc_price_item_price\"><span class=\"sc_price_item_price_value\">34,90\u20ac<\/span><span class=\"sc_price_item_price_after\">iva incluido<\/span><\/div><a href=\"\/macarova\/solicitar\/\" class=\"sc_price_item_link sc_button\" target=\"_blank\">\u00a1LO QUIERO!<\/a><\/div><!-- \/.sc_price_item_info --><\/div><\/div><div class=\"trx_addons_column-1_3\"><div class=\"sc_price_item sc_price_item_default\">\n\t\t\t<h6 class=\"sc_price_item_subtitle\"><span>USO HABITUAL<\/span><\/h6><h3 class=\"sc_price_item_title\"><span>LLARGUETA<\/span><\/h3><div class=\"sc_price_item_image\"><img loading=\"lazy\" decoding=\"async\" src=\"https:\/\/relleutelecom.com\/macarova\/wp-content\/uploads\/2019\/05\/nube.jpg\" alt=\"sc-icons-image\" width=\"217\" height=\"58\"><\/div><div class=\"sc_price_item_details\"><ul class=\"trx_addons_list_success\">\n \t<li>60 Mb de bajada<\/li>\n \t<li>30 Mb de subida<\/li>\n \t<li>Sin l\u00edmite de descarga<\/li>\n \t<li>Baja latencia +\/- 19ms<\/li>\n \t<li>Ancho de banda real<\/li>\n<\/ul><\/div><div class=\"sc_price_item_info\"><div class=\"sc_price_item_price\"><span class=\"sc_price_item_price_value\">39,90\u20ac<\/span><span class=\"sc_price_item_price_after\">iva incluido<\/span><\/div><a href=\"\/macarova\/solicitar\/\" class=\"sc_price_item_link sc_button\" target=\"_blank\">\u00a1LO QUIERO!<\/a><\/div><!-- \/.sc_price_item_info --><\/div><\/div><div class=\"trx_addons_column-1_3\"><div class=\"sc_price_item sc_price_item_default\">\n\t\t\t<h6 class=\"sc_price_item_subtitle\"><span>Usuarios MAX<\/span><\/h6><h3 class=\"sc_price_item_title\"><span>CASTELLET<\/span><\/h3><div class=\"sc_price_item_image\"><img loading=\"lazy\" decoding=\"async\" src=\"https:\/\/relleutelecom.com\/macarova\/wp-content\/uploads\/2019\/05\/nube.jpg\" alt=\"sc-icons-image\" width=\"217\" height=\"58\"><\/div><div class=\"sc_price_item_details\"><ul class=\"trx_addons_list_success\">\n \t<li>70 Mb de bajada<\/li>\n \t<li>35 Mb de subida<\/li>\n \t<li>Sin l\u00edmite de descarga<\/li>\n \t<li>Baja latencia +\/- 19ms<\/li>\n \t<li>Ancho de banda real<\/li>\n<\/ul><\/div><div class=\"sc_price_item_info\"><div class=\"sc_price_item_price\"><span class=\"sc_price_item_price_value\">44,90\u20ac<\/span><span class=\"sc_price_item_price_after\">iva incluido<\/span><\/div><a href=\"\/macarova\/solicitar\/\" class=\"sc_price_item_link sc_button\" target=\"_blank\">\u00a1LO QUIERO!<\/a><\/div><!-- \/.sc_price_item_info --><\/div><\/div><\/div><\/div><!-- \/.sc_price -->[vc_empty_space height=\u00bb2.5em\u00bb alter_height=\u00bbnone\u00bb hide_on_desktop=\u00bb\u00bb hide_on_notebook=\u00bb\u00bb hide_on_tablet=\u00bb\u00bb hide_on_mobile=\u00bb\u00bb][vc_empty_space height=\u00bb2.5em\u00bb alter_height=\u00bbnone\u00bb hide_on_desktop=\u00bb\u00bb hide_on_notebook=\u00bb\u00bb hide_on_tablet=\u00bb1&#8243; hide_on_mobile=\u00bb1&#8243;][\/vc_column][\/vc_row][vc_row full_width=\u00bbstretch_row\u00bb hide_bg_image_on_tablet=\u00bb\u00bb hide_bg_image_on_mobile=\u00bb\u00bb css=\u00bb.vc_custom_1510847121363{background-color: #f9f8f3 !important;}\u00bb][vc_column width=\u00bb1\/6&#8243;][\/vc_column][vc_column width=\u00bb4\/6&#8243;][vc_empty_space height=\u00bb4.4em\u00bb alter_height=\u00bbnone\u00bb hide_on_desktop=\u00bb\u00bb hide_on_notebook=\u00bb\u00bb hide_on_tablet=\u00bb\u00bb hide_on_mobile=\u00bb\u00bb][vc_empty_space height=\u00bb2.5em\u00bb alter_height=\u00bbnone\u00bb hide_on_desktop=\u00bb\u00bb hide_on_notebook=\u00bb\u00bb hide_on_tablet=\u00bb1&#8243; hide_on_mobile=\u00bb1&#8243;][\/vc_column][vc_column width=\u00bb1\/6&#8243;][\/vc_column][\/vc_row][vc_row full_width=\u00bbstretch_row\u00bb hide_bg_image_on_tablet=\u00bb\u00bb hide_bg_image_on_mobile=\u00bb\u00bb css=\u00bb.vc_custom_1510847121363{background-color: #f9f8f3 !important;}\u00bb][vc_column width=\u00bb1\/12&#8243; offset=\u00bbvc_hidden-sm vc_hidden-xs\u00bb][\/vc_column][vc_column offset=\u00bbvc_col-lg-10 vc_col-md-10&#8243;]<div id=\"sc_icons_565775064\" \n\tclass=\"sc_icons sc_icons_default sc_icons_size_medium sc_align_center\"><div class=\"sc_icons_columns_wrap sc_item_columns trx_addons_columns_wrap columns_padding_bottom\"><div class=\"trx_addons_column-1_4\"><div class=\"sc_icons_item\"><div class=\"sc_icons_image\"><img loading=\"lazy\" decoding=\"async\" src=\"https:\/\/relleutelecom.com\/macarova\/wp-content\/uploads\/2017\/12\/packages_icon_1.png\" alt=\"sc-icons-image\" width=\"46\" height=\"59\"><\/div><h4 class=\"sc_icons_item_title\"><span>Sin l\u00edmite de descarga<\/span><\/h4><div class=\"sc_icons_item_description\"><span>Navega y descarga con nuestra tarifa plana sin preocuparte por agotar tu plan de datos<\/span><\/div><\/div><\/div><div class=\"trx_addons_column-1_4\"><div class=\"sc_icons_item\"><div class=\"sc_icons_image\"><img loading=\"lazy\" decoding=\"async\" src=\"https:\/\/relleutelecom.com\/macarova\/wp-content\/uploads\/2017\/12\/packages_icon_2.png\" alt=\"sc-icons-image\" width=\"53\" height=\"59\"><\/div><h4 class=\"sc_icons_item_title\"><span>Velocidad real<\/span><\/h4><div class=\"sc_icons_item_description\"><span>Nuestra tecnolog\u00eda inal\u00e1mbrica asegura una mayor estabilidad y menor latencia, ideal para juegos online<\/span><\/div><\/div><\/div><div class=\"trx_addons_column-1_4\"><div class=\"sc_icons_item\"><div class=\"sc_icons_image\"><img loading=\"lazy\" decoding=\"async\" src=\"https:\/\/relleutelecom.com\/macarova\/wp-content\/uploads\/2017\/12\/packages_icon_3.png\" alt=\"sc-icons-image\" width=\"51\" height=\"59\"><\/div><h4 class=\"sc_icons_item_title\"><span>No necesario tel\u00e9fono<\/span><\/h4><div class=\"sc_icons_item_description\"><span>Si s\u00f3lo quieres internet, no hay problema, no necesitas contratar tel\u00e9fono fijo para tener internet<\/span><\/div><\/div><\/div><div class=\"trx_addons_column-1_4\"><div class=\"sc_icons_item\"><div class=\"sc_icons_image\"><img loading=\"lazy\" decoding=\"async\" src=\"https:\/\/relleutelecom.com\/macarova\/wp-content\/uploads\/2017\/12\/packages_icon_5.png\" alt=\"sc-icons-image\" width=\"56\" height=\"59\"><\/div><h4 class=\"sc_icons_item_title\"><span>Estudio personalizado<\/span><\/h4><div class=\"sc_icons_item_description\"><span>Si necesitas mas velocidad, o aun no estas en nuestro \u00e1rea de cobertura, cons\u00faltanos, seguro que podemos darte una soluci\u00f3n<\/span><\/div><\/div><\/div><\/div><\/div><!-- \/.sc_icons -->[vc_empty_space height=\u00bb3.5em\u00bb alter_height=\u00bbnone\u00bb hide_on_desktop=\u00bb\u00bb hide_on_notebook=\u00bb\u00bb hide_on_tablet=\u00bb\u00bb hide_on_mobile=\u00bb\u00bb][vc_empty_space height=\u00bb3.5em\u00bb alter_height=\u00bbnone\u00bb hide_on_desktop=\u00bb\u00bb hide_on_notebook=\u00bb\u00bb hide_on_tablet=\u00bb1&#8243; hide_on_mobile=\u00bb1&#8243;][\/vc_column][vc_column width=\u00bb1\/12&#8243; offset=\u00bbvc_hidden-sm vc_hidden-xs\u00bb][\/vc_column][\/vc_row][vc_row][vc_column width=\u00bb1\/6&#8243;][\/vc_column][vc_column width=\u00bb2\/3&#8243;][vc_empty_space height=\u00bb4.3em\u00bb alter_height=\u00bbnone\u00bb hide_on_desktop=\u00bb\u00bb hide_on_notebook=\u00bb\u00bb hide_on_tablet=\u00bb\u00bb hide_on_mobile=\u00bb\u00bb][vc_empty_space height=\u00bb4.3em\u00bb alter_height=\u00bbnone\u00bb hide_on_desktop=\u00bb\u00bb hide_on_notebook=\u00bb\u00bb hide_on_tablet=\u00bb1&#8243; hide_on_mobile=\u00bb1&#8243;]<div id=\"sc_title_386829963\"\n\t\tclass=\"sc_title color_style_default sc_title_default\"><h4 class=\"sc_item_title sc_title_title sc_align_center sc_item_title_style_default sc_item_title_tag\">Caracter\u00edsticas b\u00e1sicas de internet<\/h4><\/div><!-- \/.sc_title -->[vc_empty_space height=\u00bb3.2em\u00bb alter_height=\u00bbnone\u00bb hide_on_desktop=\u00bb\u00bb hide_on_notebook=\u00bb\u00bb hide_on_tablet=\u00bb\u00bb hide_on_mobile=\u00bb\u00bb][\/vc_column][vc_column width=\u00bb1\/6&#8243;][\/vc_column][\/vc_row][vc_row][vc_column width=\u00bb1\/2&#8243;][vc_column_text]<\/p>\n<ul>\n<li><strong>Instalaci\u00f3n sencilla<\/strong>, s\u00f3lo un peque\u00f1o receptor en el m\u00e1stil de la antena de TV o punto m\u00e1s cercano a donde quieras la conexi\u00f3n, y un router WiFi.<\/li>\n<li><strong>Baja latencia<\/strong>, velocidad real, juega y navega a la velocidad contratada.<\/li>\n<li>Si tienes l\u00ednea ADSL puedes hacer dos cosas, conservarla como antig\u00fcedad o darla de baja, ya <strong>no necesitas<\/strong> nada de esto para estar con Relleu Telecom.<\/li>\n<li>Servicio de <strong>IP fija<\/strong>, si necesitas una IP fija, te la proporcionamos por 5\u20ac al mes.<\/li>\n<li><strong>Sin Permanencia<\/strong>, trabajamos para que te quedes por nuestra calidad.<\/li>\n<\/ul>\n<p>[\/vc_column_text][\/vc_column][vc_column width=\u00bb1\/2&#8243;][vc_column_text]<\/p>\n<ul>\n<li><strong>Servicio independiente<\/strong>, no dependemos del estado de la l\u00ednea telef\u00f3nica convencional, somos libres de poder subir las velocidades.<\/li>\n<li>Mantenimiento de antena <strong>gratuito<\/strong>, si se estropea, te la cambiamos sin coste.<\/li>\n<li><strong>Servicio de vacaciones<\/strong>, si no vas a estar durante alg\u00fan tiempo, no te damos de baja, suspendemos el servicio pagando s\u00f3lo 0,23\u20ac por cada d\u00eda que est\u00e9s con el servicio suspendido, cuando vuelvas, te lo reactivamos sin coste. <a href=\"http:\/\/www.relleutelecom.com\/macarova\/PDF\/suspension_temporal.pdf\" target=\"_blank\" rel=\"noopener\">Condiciones espec\u00edficas suspensi\u00f3n temporal<\/a><\/li>\n<li>Dep\u00f3sito por instalaci\u00f3n 60\u20ac (no aplicable a altas en comunidades de vecinos)<\/li>\n<li>Precios iva incluido<\/li>\n<\/ul>\n<p>[\/vc_column_text][\/vc_column][\/vc_row]<\/p>\n","protected":false},"excerpt":{"rendered":"<p>[vc_row][vc_column width=\u00bb1\/6&#8243; offset=\u00bbvc_hidden-sm vc_hidden-xs\u00bb][\/vc_column][vc_column offset=\u00bbvc_col-lg-8 vc_col-md-8 vc_col-xs-12&#8243;][vc_column_text] Con\u00e9ctate a internet a la medida de tus&hellip;<\/p>\n","protected":false},"author":1,"featured_media":0,"parent":0,"menu_order":0,"comment_status":"closed","ping_status":"closed","template":"","meta":{"footnotes":""},"_links":{"self":[{"href":"https:\/\/relleutelecom.com\/macarova\/wp-json\/wp\/v2\/pages\/1948"}],"collection":[{"href":"https:\/\/relleutelecom.com\/macarova\/wp-json\/wp\/v2\/pages"}],"about":[{"href":"https:\/\/relleutelecom.com\/macarova\/wp-json\/wp\/v2\/types\/page"}],"author":[{"embeddable":true,"href":"https:\/\/relleutelecom.com\/macarova\/wp-json\/wp\/v2\/users\/1"}],"replies":[{"embeddable":true,"href":"https:\/\/relleutelecom.com\/macarova\/wp-json\/wp\/v2\/comments?post=1948"}],"version-history":[{"count":65,"href":"https:\/\/relleutelecom.com\/macarova\/wp-json\/wp\/v2\/pages\/1948\/revisions"}],"predecessor-version":[{"id":3454,"href":"https:\/\/relleutelecom.com\/macarova\/wp-json\/wp\/v2\/pages\/1948\/revisions\/3454"}],"wp:attachment":[{"href":"https:\/\/relleutelecom.com\/macarova\/wp-json\/wp\/v2\/media?parent=1948"}],"curies":[{"name":"wp","href":"https:\/\/api.w.org\/{rel}","templated":true}]}}